{"id":26537,"date":"2018-06-13T17:29:08","date_gmt":"2018-06-13T15:29:08","guid":{"rendered":"https:\/\/www.fila.it\/ch\/terms-and-conditions-for-content-upload\/"},"modified":"2018-06-14T15:48:18","modified_gmt":"2018-06-14T13:48:18","slug":"terms-and-conditions-for-content-upload","status":"publish","type":"page","link":"https:\/\/www.fila.it\/ch\/de\/terms-and-conditions-for-content-upload\/","title":{"rendered":"Uploads und vom nutzer gesendete inhalte"},"content":{"rendered":"<p>Einige Dienste der Website (z. B. Veranstaltungen, Wettbewerbe, DAS Creative Lab) erm\u00f6glichen es den Nutzern, Bilder und\/oder Videos (&#8220;Inhalte&#8221;) zu senden und hochzuladen, die aufgrund der Art des Dienstes selbst f\u00fcr die Kommunikation und Verbreitung bestimmt sind. Die Nutzer dieser Dienste erkl\u00e4ren, die rechtlichen und datenschutzrechtlichen Hinweise der Website zur Kenntnis genommen und akzeptiert zu haben und garantieren, dass die Nutzung nach eigenem Ermessen und unter ihrer vollst\u00e4ndigen und ausschlie\u00dflichen Verantwortung erfolgt.<\/p>\n<p>Die hochgeladenen Inhalte werden in der Regel von anderen Diensten und\/oder Anbietern von Inhalten wie YouTube gehostet, die ihre Datenschutz- und Copyright-Richtlinien anwenden und im Hinblick auf die F.I.L.A. weder eine M\u00f6glichkeit der Einflussnahme hat noch daf\u00fcr Verantwortung \u00fcbernehmen kann.<\/p>\n<p>F.I.L.A. setzt ihre Richtlinien zur \u00dcberpr\u00fcfung und Auswahl der eingereichten Inhalte und Bilder um und ver\u00f6ffentlicht nur Inhalte, die sie f\u00fcr angemessen h\u00e4lt. Au\u00dferdem kann F.I.L.A. nach eigenem Ermessen alle ver\u00f6ffentlichten Inhalte von seiner Website oder den damit verbundenen sozialen Kan\u00e4len (Facebook, Instagram, Linkedin) entfernen.<\/p>\n<p>Der Nutzer \u00fcberl\u00e4sst F.I.L.A. alle Nutzungsrechte in Bezug auf die Inhalte, die an denselben Nutzer gesendet und ihm zur Verf\u00fcgung gestellt werden, und erkennt an, dass die \u00dcbertragung der Nutzungsrechte an F.I.L.A.  lizenzfrei erfolgt. Insbesondere r\u00e4umt der Nutzer der F.I.L.A. das uneingeschr\u00e4nkte Recht der nicht ausschlie\u00dflichen Nutzung der Inhalte ein, ohne Begrenzung von Zeit, Mittel und geografischer Reichweite, sowie alle Rechte zur Ver\u00f6ffentlichung, Ausf\u00fchrung, \u00f6ffentlichen Auff\u00fchrung und \u00f6ffentlichen Mitteilung der Inhalte, des Rechts, diese \u00f6ffentlich zug\u00e4nglich zu machen, zu verbreiten, zu \u00fcbersetzen, in jeder Form und mit allen Mitteln zu verarbeiten.<\/p>\n<p>F.I.L.A. darf daher direkt oder \u00fcber Dritte Inhalte, einschlie\u00dflich Audio- und Videoinhalte, die vom Nutzer, auch \u00fcber Dritte, gesendet werden, verwenden, kopieren, \u00fcbertragen, extrahieren, ver\u00f6ffentlichen, verteilen, \u00f6ffentlich auff\u00fchren, verbreiten, davon abgeleitete Werke erstellen, hosten, indexieren, speichern, aufzeichnen, kodieren, modifizieren und anpassen (einschlie\u00dflich, aber nicht beschr\u00e4nkt auf das Recht zur Anpassung f\u00fcr die \u00dcbertragung mit jeglichen Kommunikationsmitteln), in jeglicher Form oder mit jeglichen aktuellen oder k\u00fcnftigen Mitteln.<\/p>\n<p>Ferner erkennt der Nutzer das Recht der F.I.L.A. an, die Verwendung der Inhalte als Ganzes oder in den einzelnen Teilen und Komponenten, auch durch Montagen, Schnitte und Anpassungen, ohne Einschr\u00e4nkung aus\u00fcben zu k\u00f6nnen, mit Ausnahme der Verwendung der Inhalte in Kontexten, die die W\u00fcrde, das Ansehen und den pers\u00f6nlichen Anstand des Interessenten und seiner nahen Verwandten beeintr\u00e4chtigen k\u00f6nnen.<\/p>\n<p>Der Nutzer ist verpflichtet, das Verbot einzuhalten, Inhalte zu versenden, die illegal und\/oder missbr\u00e4uchlich sind, die Rechte anderer verletzen oder die das Recht auf Privatsph\u00e4re, geistige oder gewerbliche Eigentumsrechte oder andere Rechte Dritter, in pornografischer und\/oder ausdr\u00fccklich sexueller, verleumderischer oder diffamierender, bedrohender, sch\u00e4dlicher, vulg\u00e4rer, obsz\u00f6ner oder anderweitig anst\u00f6\u00dfiger oder beleidigender Art verletzen oder verletzen k\u00f6nnen, in \u00dcbereinstimmung mit der geltenden Gesetzgebung.<\/p>\n<p>F.I.L.A. arbeitet mit der Beh\u00f6rde in allen F\u00e4llen zusammen, in denen sie aufgefordert wird, die Daten und\/oder Informationen zur Verf\u00fcgung zu stellen, die erforderlich sind, um die Verantwortlichen f\u00fcr eventuelle Straftaten zu ermitteln.<\/p>\n<p>Der Nutzer erkl\u00e4rt, dass die gesendeten Inhalte authentisch und nicht urheberrechtlich gesch\u00fctzt sind, der Person, die sie gesendet hat, vollumf\u00e4nglich zur Verf\u00fcgung stehen und nicht mit Nutzungs- und Entsch\u00e4digungsrechten belastet sind und enthebt F.I.L.A. von jeglicher Verantwortung im Falle von Streitigkeiten oder Handlungen, die von wem auch immer in Bezug auf diese Rechte unternommen werden k\u00f6nnten.<br \/>\nDer Nutzer garantiert F.I.L.A.:<\/p>\n<p>&#8211; die Privatsph\u00e4re Dritter nicht zu verletzen, indem er erkl\u00e4rt und garantiert, dass er alle erforderlichen Einwilligungen und Freigaben von jedem Inhaber der Rechte gleich welcher Art an den Inhalten erhalten hat, im Falle von Bildern oder audiovisuellen Inhalten einschlie\u00dflich der (aber nicht beschr\u00e4nkt auf die) Erlaubnis, das Recht auf ein Bild zu nutzen und der Zustimmung zur Verarbeitung der pers\u00f6nlichen Daten jedes der in den Inhalten aufgef\u00fchrten Subjekte; f\u00fcr den Fall, dass die \u00fcbermittelten Inhalte Daten \u00fcber Minderj\u00e4hrige enthalten, die Zustimmung und Freigabe beider Elternteile eingeholt zu haben;<br \/>\n&#8211; keine Inhalte zu ver\u00f6ffentlichen, die eine Urheberrechtsverletzung darstellen;<br \/>\n&#8211; die Inhalte nicht f\u00fcr eigene oder fremde kommerzielle oder werbliche Zwecke zu nutzen;<br \/>\n&#8211; keine versteckten oder expliziten Werbebotschaften zu ver\u00f6ffentlichen;<br \/>\n&#8211; keine Viren und \u00e4hnliche Online-Bedrohungen wie Spyware, Adware, Rootkits, Backdoors, Trojaner zu verbreiten;<br \/>\n&#8211; die F.I.L.A. gegen\u00fcber jeglichen Anspr\u00fcchen Dritter wegen eines Versto\u00dfes des Nutzers gegen die gesendeten und ver\u00f6ffentlichten Inhalte und gegen die hierin enthaltenen gesetzlichen Bestimmungen und Verhaltensregeln schadlos zu halten.<\/p>\n<p>Die in den Rechts- und Datenschutzhinweisen enthaltenen Bedingungen gelten auch f\u00fcr audiovisuelle Bilder, die in sozialen Netzwerken wie Facebook, Instagram und Youtube und anderen Plattformen ver\u00f6ffentlicht werden.<\/p>\n<p>Social Media und Widget-Features werden von Dritten verwaltet oder direkt von unserer Website gehostet. Der Umgang mit diesen Funktionen wird durch die Datenschutzrichtlinien der Unternehmen geregelt, die sie anbieten.<\/p>\n","protected":false},"excerpt":{"rendered":"<p>Einige Dienste der Website (z. B. Veranstaltungen, Wettbewerbe, DAS Creative Lab) erm\u00f6glichen es den Nutzern, Bilder und\/oder Videos (&#8220;Inhalte&#8221;) zu senden und hochzuladen, die aufgrund der Art des Dienstes selbst f\u00fcr die Kommunikation und Verbreitung bestimmt sind. Die Nutzer dieser &hellip; <a href=\"https:\/\/www.fila.it\/ch\/de\/terms-and-conditions-for-content-upload\/\">Weiterlesen<\/a><\/p>\n","protected":false},"author":3,"featured_media":0,"parent":0,"menu_order":0,"comment_status":"closed","ping_status":"closed","template":"","meta":[],"acf":[],"_links":{"self":[{"href":"https:\/\/www.fila.it\/ch\/de\/wp-json\/wp\/v2\/pages\/26537"}],"collection":[{"href":"https:\/\/www.fila.it\/ch\/de\/wp-json\/wp\/v2\/pages"}],"about":[{"href":"https:\/\/www.fila.it\/ch\/de\/wp-json\/wp\/v2\/types\/page"}],"author":[{"embeddable":true,"href":"https:\/\/www.fila.it\/ch\/de\/wp-json\/wp\/v2\/users\/3"}],"replies":[{"embeddable":true,"href":"https:\/\/www.fila.it\/ch\/de\/wp-json\/wp\/v2\/comments?post=26537"}],"version-history":[{"count":3,"href":"https:\/\/www.fila.it\/ch\/de\/wp-json\/wp\/v2\/pages\/26537\/revisions"}],"predecessor-version":[{"id":26562,"href":"https:\/\/www.fila.it\/ch\/de\/wp-json\/wp\/v2\/pages\/26537\/revisions\/26562"}],"wp:attachment":[{"href":"https:\/\/www.fila.it\/ch\/de\/wp-json\/wp\/v2\/media?parent=26537"}],"curies":[{"name":"wp","href":"https:\/\/api.w.org\/{rel}","templated":true}]}}