{"id":29055,"date":"2017-10-05T18:11:04","date_gmt":"2017-10-05T16:11:04","guid":{"rendered":"https:\/\/www.fila.it\/ch\/lyra_graduate\/"},"modified":"2018-06-26T17:34:07","modified_gmt":"2018-06-26T15:34:07","slug":"lyra_graduate","status":"publish","type":"page","link":"https:\/\/www.fila.it\/ch\/de\/lyra_graduate\/","title":{"rendered":""},"content":{"rendered":"<p style=\"text-align: center;\"><img loading=\"lazy\" class=\"aligncenter size-full wp-image-25423\" src=\"\/up\/sites\/2\/graduate_ic.jpg\" alt=\"Lyra Graduate - A world of living colours\" width=\"1920\" height=\"1130\" \/><\/p>\n<p style=\"margin: 0 15% 2% 15%;\">Mit Lyra Graduate k\u00f6nnen <strong>Hobbyk\u00fcnstler und junge Kreative<\/strong> mit unterschiedlichsten Maltechniken experimentieren. Die Stifte eignen sich f\u00fcr den Einstieg in die Aquarellmalerei, das Malen oder Trends wie das Bullet Journaling oder Handlettering. Lyra Graduate bietet eine Grundausstattung von Farbstiften, Aquarellstiften und Finelinern \u2013 und das in bis zu 36 Farben. Die Vielzahl von Farbt\u00f6nen bietet von zarten Nuancen bis satten Vollt\u00f6nen alles, was das Farbspektrum zu bieten hat. Damit wird jedes Kunstwerk ein kleines Meisterwerk.<\/p>\n<p style=\"text-align: center;\"><img loading=\"lazy\" class=\"aligncenter wp-image-25425\" src=\"\/up\/sites\/2\/graduate_prod_ic.jpg\" alt=\"\" width=\"666\" height=\"128\" \/><\/p>\n<p style=\"margin: 0 15% 2% 15%;\"><a style=\"color: #5f8bca; text-decoration: underline;\" href=\"https:\/\/www.instagram.com\/lyra_feelcreative\/\" target=\"_blank\">Entdecke Lyra Graduate auf Instagram. Entdecke eine Welt lebendiger Farben.<\/a><\/p>\n<p><a href=\"\/ch\/de\/product\/lyra-graduate-metal-box\/\"><img loading=\"lazy\" class=\"alignleft wp-image-25342\" style=\"display: inline-block;\" src=\"\/up\/sites\/3\/gradute_schede_1_uk.jpg\" alt=\"LYRA GRADUATE\" width=\"380\" height=\"460\" \/><\/a><a href=\"\/ch\/de\/product\/lyra-graduate-aquarell\/\"><img loading=\"lazy\" class=\"aligncenter wp-image-25343\" style=\"display: inline-block;\" src=\"\/up\/sites\/3\/gradute_schede_2_uk.jpg\" alt=\"LYRA GRADUATE AQUARELL\" width=\"380\" height=\"460\" \/><\/a><a href=\"\/ch\/de\/product\/lyra-graduate-fineliner\/\"><img loading=\"lazy\" class=\"alignright wp-image-25344\" style=\"display: inline-block;\" src=\"\/up\/sites\/3\/gradute_schede_3_uk.jpg\" alt=\"LYRA GRADUATE FINELINER\" width=\"380\" height=\"460\" \/><\/a><\/p>\n","protected":false},"excerpt":{"rendered":"<p>Mit Lyra Graduate k\u00f6nnen Hobbyk\u00fcnstler und junge Kreative mit unterschiedlichsten Maltechniken experimentieren. Die Stifte eignen sich f\u00fcr den Einstieg in die Aquarellmalerei, das Malen oder Trends wie das Bullet Journaling oder Handlettering. Lyra Graduate bietet eine Grundausstattung von Farbstiften, Aquarellstiften &hellip; <a href=\"https:\/\/www.fila.it\/ch\/de\/lyra_graduate\/\">Weiterlesen<\/a><\/p>\n","protected":false},"author":3,"featured_media":0,"parent":0,"menu_order":0,"comment_status":"closed","ping_status":"closed","template":"","meta":[],"acf":[],"_links":{"self":[{"href":"https:\/\/www.fila.it\/ch\/de\/wp-json\/wp\/v2\/pages\/29055"}],"collection":[{"href":"https:\/\/www.fila.it\/ch\/de\/wp-json\/wp\/v2\/pages"}],"about":[{"href":"https:\/\/www.fila.it\/ch\/de\/wp-json\/wp\/v2\/types\/page"}],"author":[{"embeddable":true,"href":"https:\/\/www.fila.it\/ch\/de\/wp-json\/wp\/v2\/users\/3"}],"replies":[{"embeddable":true,"href":"https:\/\/www.fila.it\/ch\/de\/wp-json\/wp\/v2\/comments?post=29055"}],"version-history":[{"count":2,"href":"https:\/\/www.fila.it\/ch\/de\/wp-json\/wp\/v2\/pages\/29055\/revisions"}],"predecessor-version":[{"id":29071,"href":"https:\/\/www.fila.it\/ch\/de\/wp-json\/wp\/v2\/pages\/29055\/revisions\/29071"}],"wp:attachment":[{"href":"https:\/\/www.fila.it\/ch\/de\/wp-json\/wp\/v2\/media?parent=29055"}],"curies":[{"name":"wp","href":"https:\/\/api.w.org\/{rel}","templated":true}]}}