{"id":28746,"date":"2018-06-20T09:00:56","date_gmt":"2018-06-20T08:01:14","guid":{"rendered":"https:\/\/www.fila.it\/ch\/product\/das\/"},"modified":"2018-07-16T11:43:26","modified_gmt":"2018-07-16T09:43:26","slug":"das","status":"publish","type":"product","link":"https:\/\/www.fila.it\/ch\/de\/product\/das\/","title":{"rendered":"DAS"},"content":{"rendered":"<p>Von Flachreliefs \u00fcber Skulpturen bis zu aufwendigen Mosaiken: die DAS Modelliermasse wird seit 1963 f\u00fcr eine Vielzahl von kreativen Vorhaben genutzt und geh\u00f6rt zum Basis-Equipment eines jeden Sch\u00fclers und DIY-Liebhabers.   Die DAS Modelliermasse ist einfach zu bearbeiten und kann zu festen, faszinierenden Objekten geformt werden, die anschlie\u00dfend mit Farben oder geeigneten Markern kreativ gestaltet werden k\u00f6nnen. Die Modelliermasse eignet sich besonders f\u00fcr die Beschichtung von Materialien wie Holz, Metall oder Glas. Die Modelliermasse h\u00e4rtet an der Luft aus, sodass sie nicht im Ofen gebrannt werden muss. Auch im trockenen Zustand l\u00e4sst sich die Modelliermasse durch Feilen, Polieren und Schleifen flexibel bearbeiten.  Die DAS Modelliermasse ist in jeder Hinsicht unbedenklich: sie basiert auf nat\u00fcrlichen Stoffen, ist glutenfrei und dermatologisch getestet. Sie hinterl\u00e4sst keine Flecken und l\u00e4sst sich leicht von den H\u00e4nden waschen.<\/p>\n","protected":false},"excerpt":{"rendered":"<p>DAS &#8211; die Modelliermasse, die inspiriert.<\/p>\n","protected":false},"featured_media":29414,"comment_status":"closed","ping_status":"open","template":"","meta":[],"product_cat":[4802],"product_tag":[4803,4820,4819],"acf":[],"_links":{"self":[{"href":"https:\/\/www.fila.it\/ch\/de\/wp-json\/wp\/v2\/product\/28746"}],"collection":[{"href":"https:\/\/www.fila.it\/ch\/de\/wp-json\/wp\/v2\/product"}],"about":[{"href":"https:\/\/www.fila.it\/ch\/de\/wp-json\/wp\/v2\/types\/product"}],"replies":[{"embeddable":true,"href":"https:\/\/www.fila.it\/ch\/de\/wp-json\/wp\/v2\/comments?post=28746"}],"wp:featuredmedia":[{"embeddable":true,"href":"https:\/\/www.fila.it\/ch\/de\/wp-json\/wp\/v2\/media\/29414"}],"wp:attachment":[{"href":"https:\/\/www.fila.it\/ch\/de\/wp-json\/wp\/v2\/media?parent=28746"}],"wp:term":[{"taxonomy":"product_cat","embeddable":true,"href":"https:\/\/www.fila.it\/ch\/de\/wp-json\/wp\/v2\/product_cat?post=28746"},{"taxonomy":"product_tag","embeddable":true,"href":"https:\/\/www.fila.it\/ch\/de\/wp-json\/wp\/v2\/product_tag?post=28746"}],"curies":[{"name":"wp","href":"https:\/\/api.w.org\/{rel}","templated":true}]}}