{"id":28751,"date":"2018-06-20T09:00:56","date_gmt":"2018-06-20T08:01:14","guid":{"rendered":"https:\/\/www.fila.it\/ch\/product\/giotto-be-be-spitzer\/"},"modified":"2018-07-16T12:16:47","modified_gmt":"2018-07-16T10:16:47","slug":"giotto-be-be-spitzer","status":"publish","type":"product","link":"https:\/\/www.fila.it\/ch\/de\/product\/giotto-be-be-spitzer\/","title":{"rendered":"Giotto be-b\u00e8 Spitzer"},"content":{"rendered":"<p>Der passende Spitzer f\u00fcr Giotto be-b\u00e8 Farbstifte und Wachsmalkreiden sorgt mit seiner Gr\u00f6\u00dfe daf\u00fcr, dass Kinder ihn sicher nicht verschlucken k\u00f6nnen. Der Spitzer enth\u00e4lt keine abl\u00f6sbaren Kleinteile.<\/p>\n","protected":false},"excerpt":{"rendered":"<p>Der Giotto be-b\u00e8 Spitzer sorgt f\u00fcr unbegrenzten Malspa\u00df<\/p>\n","protected":false},"featured_media":29441,"comment_status":"closed","ping_status":"open","template":"","meta":[],"product_cat":[4796],"product_tag":[4797,4805,4829],"acf":[],"_links":{"self":[{"href":"https:\/\/www.fila.it\/ch\/de\/wp-json\/wp\/v2\/product\/28751"}],"collection":[{"href":"https:\/\/www.fila.it\/ch\/de\/wp-json\/wp\/v2\/product"}],"about":[{"href":"https:\/\/www.fila.it\/ch\/de\/wp-json\/wp\/v2\/types\/product"}],"replies":[{"embeddable":true,"href":"https:\/\/www.fila.it\/ch\/de\/wp-json\/wp\/v2\/comments?post=28751"}],"wp:featuredmedia":[{"embeddable":true,"href":"https:\/\/www.fila.it\/ch\/de\/wp-json\/wp\/v2\/media\/29441"}],"wp:attachment":[{"href":"https:\/\/www.fila.it\/ch\/de\/wp-json\/wp\/v2\/media?parent=28751"}],"wp:term":[{"taxonomy":"product_cat","embeddable":true,"href":"https:\/\/www.fila.it\/ch\/de\/wp-json\/wp\/v2\/product_cat?post=28751"},{"taxonomy":"product_tag","embeddable":true,"href":"https:\/\/www.fila.it\/ch\/de\/wp-json\/wp\/v2\/product_tag?post=28751"}],"curies":[{"name":"wp","href":"https:\/\/api.w.org\/{rel}","templated":true}]}}