{"id":28758,"date":"2018-06-20T09:00:56","date_gmt":"2018-06-20T08:01:14","guid":{"rendered":"https:\/\/www.fila.it\/ch\/product\/giotto-be-be-knetmasse-set\/"},"modified":"2018-07-16T11:59:08","modified_gmt":"2018-07-16T09:59:08","slug":"giotto-be-be-knetmasse-set","status":"publish","type":"product","link":"https:\/\/www.fila.it\/ch\/de\/product\/giotto-be-be-knetmasse-set\/","title":{"rendered":"GIOTTO be-b\u00e8 Knetmasse &#8211; Set"},"content":{"rendered":"<p>Die GIOTTO be-b\u00e8 Super-Knetmasse ist ein weicher Teig, der ausschlie\u00dflich aus nat\u00fcrlichen Zutaten hergestellt wird. Damit erm\u00f6glicht die Knete den Kindern, sicher und ohne Einschr\u00e4nkung zu spielen. Sie ist ideal f\u00fcr die Entwicklung der Fingerfertigkeit und f\u00fcr die F\u00f6rderung der Kreativit\u00e4t und Fantasie.  Die Knetmasse ist dermatologisch getestet und kann leicht aus der Kleidung entfernt werden: einfach trocknen lassen und abb\u00fcrsten. Die Super Soft Knete riecht extra nicht verlockend essbar, sondern eher seifig. So nehmen sie Kinder weniger in den Mund. Wenn die Knetmasse doch mal l\u00e4nger offen stand: Mit ein paar Tropfen Wasser ist sie \u00fcber Nacht wieder einsatzbereit.<\/p>\n","protected":false},"excerpt":{"rendered":"<p>GIOTTO be-b\u00e8 Super-Knetmasse \u2013 modellieren, kneten und kreativ sein!<\/p>\n","protected":false},"featured_media":29425,"comment_status":"closed","ping_status":"open","template":"","meta":[],"product_cat":[4802],"product_tag":[4846,4803,4845],"acf":[],"_links":{"self":[{"href":"https:\/\/www.fila.it\/ch\/de\/wp-json\/wp\/v2\/product\/28758"}],"collection":[{"href":"https:\/\/www.fila.it\/ch\/de\/wp-json\/wp\/v2\/product"}],"about":[{"href":"https:\/\/www.fila.it\/ch\/de\/wp-json\/wp\/v2\/types\/product"}],"replies":[{"embeddable":true,"href":"https:\/\/www.fila.it\/ch\/de\/wp-json\/wp\/v2\/comments?post=28758"}],"wp:featuredmedia":[{"embeddable":true,"href":"https:\/\/www.fila.it\/ch\/de\/wp-json\/wp\/v2\/media\/29425"}],"wp:attachment":[{"href":"https:\/\/www.fila.it\/ch\/de\/wp-json\/wp\/v2\/media?parent=28758"}],"wp:term":[{"taxonomy":"product_cat","embeddable":true,"href":"https:\/\/www.fila.it\/ch\/de\/wp-json\/wp\/v2\/product_cat?post=28758"},{"taxonomy":"product_tag","embeddable":true,"href":"https:\/\/www.fila.it\/ch\/de\/wp-json\/wp\/v2\/product_tag?post=28758"}],"curies":[{"name":"wp","href":"https:\/\/api.w.org\/{rel}","templated":true}]}}