{"id":28761,"date":"2018-06-20T09:01:26","date_gmt":"2018-06-20T08:01:42","guid":{"rendered":"https:\/\/www.fila.it\/ch\/product\/giotto-be-be-buntstifte-maxipackung\/"},"modified":"2018-07-16T11:50:32","modified_gmt":"2018-07-16T09:50:32","slug":"giotto-be-be-buntstifte-maxipackung","status":"publish","type":"product","link":"https:\/\/www.fila.it\/ch\/de\/product\/giotto-be-be-buntstifte-maxipackung\/","title":{"rendered":"GIOTTO be-b\u00e8 Buntstifte &#8211; Maxipackung"},"content":{"rendered":"<p>Mit Buntstiften dieser Gr\u00f6\u00dfe k\u00f6nnen Kinder im Kindergarten ihre Kreativit\u00e4t entfalten!  Die weiche 7 mm starke Mine erm\u00f6glicht dem Kind in Ruhe und selbstst\u00e4ndig zu malen und zu zeichnen. F\u00fcr die kleinen Kinder sind die runden Buntstifte extra k\u00fcrzer, damit die Stifte nicht zu schwer in der Hand liegen. Dabei dient die nicht abl\u00f6sbare Kunststoff-Schutzkappe am Ende des Stiftes als Kauschutz.  Die 12 leuchtenden und weichen Farben sind leicht abwaschbar. Mit den in der Packung enthaltenen Spitzern lassen sich die Buntstifte einfach anspitzen.<\/p>\n","protected":false},"excerpt":{"rendered":"<p>GIOTTO be-b\u00e8 Jumbo Buntstifte: f\u00fcr Kleinkinder mit gro\u00dfen Ideen.<\/p>\n","protected":false},"featured_media":27981,"comment_status":"closed","ping_status":"open","template":"","meta":[],"product_cat":[4796],"product_tag":[4855,4797,4856],"acf":[],"_links":{"self":[{"href":"https:\/\/www.fila.it\/ch\/de\/wp-json\/wp\/v2\/product\/28761"}],"collection":[{"href":"https:\/\/www.fila.it\/ch\/de\/wp-json\/wp\/v2\/product"}],"about":[{"href":"https:\/\/www.fila.it\/ch\/de\/wp-json\/wp\/v2\/types\/product"}],"replies":[{"embeddable":true,"href":"https:\/\/www.fila.it\/ch\/de\/wp-json\/wp\/v2\/comments?post=28761"}],"wp:featuredmedia":[{"embeddable":true,"href":"https:\/\/www.fila.it\/ch\/de\/wp-json\/wp\/v2\/media\/27981"}],"wp:attachment":[{"href":"https:\/\/www.fila.it\/ch\/de\/wp-json\/wp\/v2\/media?parent=28761"}],"wp:term":[{"taxonomy":"product_cat","embeddable":true,"href":"https:\/\/www.fila.it\/ch\/de\/wp-json\/wp\/v2\/product_cat?post=28761"},{"taxonomy":"product_tag","embeddable":true,"href":"https:\/\/www.fila.it\/ch\/de\/wp-json\/wp\/v2\/product_tag?post=28761"}],"curies":[{"name":"wp","href":"https:\/\/api.w.org\/{rel}","templated":true}]}}