{"id":28762,"date":"2018-06-20T09:01:26","date_gmt":"2018-06-20T08:01:42","guid":{"rendered":"https:\/\/www.fila.it\/ch\/product\/giotto-be-be-buntstifte\/"},"modified":"2018-07-16T11:49:53","modified_gmt":"2018-07-16T09:49:53","slug":"giotto-be-be-buntstifte","status":"publish","type":"product","link":"https:\/\/www.fila.it\/ch\/de\/product\/giotto-be-be-buntstifte\/","title":{"rendered":"GIOTTO be-b\u00e8 Buntstifte"},"content":{"rendered":"<p>GIOTTO be-b\u00e8 Jumbo Buntstifte eignen sich perfekt f\u00fcr die ersten Malerlebnisse!  Die weiche 7 mm starke Mine erm\u00f6glicht es dem Kind zu malen und zu zeichnen \u2013 ohne Kompromisse. F\u00fcr die kleinen Kinder sind die runden Buntstifte extra k\u00fcrzer, damit die Stifte nicht zu schwer in der Hand liegen. Dabei sch\u00fctzt die Kunststoff-Schutzkappe am Ende des Stiftes vor Kauen.  Die 12 leuchtenden und weichen Farben sind leicht abwaschbar und sind in einer 6er oder 12er Packung erh\u00e4ltlich. Mit dem hochwertigen Spitzer, der in jeder Packung enthalten ist, lassen sich die Buntstifte einfach anspitzen.<\/p>\n","protected":false},"excerpt":{"rendered":"<p>GIOTTO be-b\u00e8 Jumbo Buntstifte \u2013 der erste Buntstift<\/p>\n","protected":false},"featured_media":29419,"comment_status":"closed","ping_status":"open","template":"","meta":[],"product_cat":[4796],"product_tag":[4855,4833,4797],"acf":[],"_links":{"self":[{"href":"https:\/\/www.fila.it\/ch\/de\/wp-json\/wp\/v2\/product\/28762"}],"collection":[{"href":"https:\/\/www.fila.it\/ch\/de\/wp-json\/wp\/v2\/product"}],"about":[{"href":"https:\/\/www.fila.it\/ch\/de\/wp-json\/wp\/v2\/types\/product"}],"replies":[{"embeddable":true,"href":"https:\/\/www.fila.it\/ch\/de\/wp-json\/wp\/v2\/comments?post=28762"}],"wp:featuredmedia":[{"embeddable":true,"href":"https:\/\/www.fila.it\/ch\/de\/wp-json\/wp\/v2\/media\/29419"}],"wp:attachment":[{"href":"https:\/\/www.fila.it\/ch\/de\/wp-json\/wp\/v2\/media?parent=28762"}],"wp:term":[{"taxonomy":"product_cat","embeddable":true,"href":"https:\/\/www.fila.it\/ch\/de\/wp-json\/wp\/v2\/product_cat?post=28762"},{"taxonomy":"product_tag","embeddable":true,"href":"https:\/\/www.fila.it\/ch\/de\/wp-json\/wp\/v2\/product_tag?post=28762"}],"curies":[{"name":"wp","href":"https:\/\/api.w.org\/{rel}","templated":true}]}}