{"id":28763,"date":"2018-06-20T09:01:26","date_gmt":"2018-06-20T08:01:42","guid":{"rendered":"https:\/\/www.fila.it\/ch\/product\/giotto-be-be-wachsmalstifte\/"},"modified":"2018-07-16T12:19:13","modified_gmt":"2018-07-16T10:19:13","slug":"giotto-be-be-wachsmalstifte","status":"publish","type":"product","link":"https:\/\/www.fila.it\/ch\/de\/product\/giotto-be-be-wachsmalstifte\/","title":{"rendered":"GIOTTO be-b\u00e8 Wachsmalstifte"},"content":{"rendered":"<p>Die GIOTTO be-b\u00e8 Wachsmalstifte werden zu treuen Begleitern von Kleinkindern. Die Wachsmalstifte sind weich und einfach aufzutragen. Mit der extragro\u00dfen Gr\u00f6\u00dfe wird es den Kindern erleichtert, die Stifte mit den kleinen H\u00e4nden zu greifen und zu halten. Wenn die extra robusten Wachsmalkreiden mal vom Maltisch fallen, brechen sie nicht gleich ab. Dabei f\u00e4rben die bruchsicheren Stifte dank einer Schutzschicht nicht auf die H\u00e4nde der Kinder ab. Dar\u00fcber hinaus sorgen die GIOTTO Wachsmalstifte bei Kindern und Eltern gleicherma\u00dfen f\u00fcr ein gutes Gef\u00fchl: Zur Sicherheit der Kinder sind die GIOTTO be-b\u00e8 Wachsmalstifte dermatologisch getestet.   Der Anspitzer hilft, die Wachsmalstifte immer spitz zu halten. Dabei hat der Spitzer keine Teile, die abnehmbar und verschluckbar sind.<\/p>\n","protected":false},"excerpt":{"rendered":"<p>GIOTTO be-b\u00e8 Wachsmalstifte verleihen Ideen Farbe.<\/p>\n","protected":false},"featured_media":29445,"comment_status":"closed","ping_status":"open","template":"","meta":[],"product_cat":[4796],"product_tag":[4833,4797,4860],"acf":[],"_links":{"self":[{"href":"https:\/\/www.fila.it\/ch\/de\/wp-json\/wp\/v2\/product\/28763"}],"collection":[{"href":"https:\/\/www.fila.it\/ch\/de\/wp-json\/wp\/v2\/product"}],"about":[{"href":"https:\/\/www.fila.it\/ch\/de\/wp-json\/wp\/v2\/types\/product"}],"replies":[{"embeddable":true,"href":"https:\/\/www.fila.it\/ch\/de\/wp-json\/wp\/v2\/comments?post=28763"}],"wp:featuredmedia":[{"embeddable":true,"href":"https:\/\/www.fila.it\/ch\/de\/wp-json\/wp\/v2\/media\/29445"}],"wp:attachment":[{"href":"https:\/\/www.fila.it\/ch\/de\/wp-json\/wp\/v2\/media?parent=28763"}],"wp:term":[{"taxonomy":"product_cat","embeddable":true,"href":"https:\/\/www.fila.it\/ch\/de\/wp-json\/wp\/v2\/product_cat?post=28763"},{"taxonomy":"product_tag","embeddable":true,"href":"https:\/\/www.fila.it\/ch\/de\/wp-json\/wp\/v2\/product_tag?post=28763"}],"curies":[{"name":"wp","href":"https:\/\/api.w.org\/{rel}","templated":true}]}}