{"id":28775,"date":"2018-06-20T09:01:26","date_gmt":"2018-06-20T08:01:42","guid":{"rendered":"https:\/\/www.fila.it\/ch\/product\/giotto-decor-materials\/"},"modified":"2018-08-01T18:17:47","modified_gmt":"2018-08-01T16:17:47","slug":"giotto-decor-materials","status":"publish","type":"product","link":"https:\/\/www.fila.it\/ch\/de\/product\/giotto-decor-materials\/","title":{"rendered":"GIOTTO Decor Materials"},"content":{"rendered":"<p>Mit den GIOTTO Decor Materials Fasermalern f\u00fcr verschiedenste Oberfl\u00e4chen sind der Kreativit\u00e4t keine Grenzen gesetzt. Die extra robuste Faserspitze sorgt f\u00fcr langanhaltende Malfreude und ein besonderes Malerlebnis! Durch den permanenten Halt auf por\u00f6sen Oberfl\u00e4chen, eignen sich diese Fasermaler ideal zum Dekorieren von Karton, Holz, Glas, Papier, Kunststoff, Steinen, Modelliermasse oder Metall. Die GIOTTO Decor Materials Fasermaler k\u00f6nnen f\u00fcr Zeichnungen auf Fenstern und Spiegeln verwendet und mit einem feuchten Tuch flexibel abgewischt werden. Die Fasermaler sind in 12 unbedenklichen und lichtbest\u00e4ndigen Farben auf Wasserbasis mit hoher Deckkraft erh\u00e4ltlich, sodass die Fasermaler selbst auf dunklem oder farbigem Untergrund ihre volle Wirkung entfalten. Mit gesicherter Spitze und ventiliertem Sicherheitsverschluss. Alle Farben lassen sich problemlos von den H\u00e4nden abwaschen, jedoch k\u00f6nnen Flecken auf der Kleidung verursacht werden. Perfekt f\u00fcr kleine Projekte und f\u00fcr Vorschulkinder. Doch auch f\u00fcr DIY-Liebhaber, Hobby-K\u00fcnstler und \u00e4ltere Schulkinder sind die GIOTTO Decor Materials ein absolutes Must-Have.<\/p>\n","protected":false},"excerpt":{"rendered":"<p>GIOTTO Decor Materials: hochwertige Fasermaler f\u00fcr unausl\u00f6schliche Ideen!<\/p>\n","protected":false},"featured_media":29459,"comment_status":"closed","ping_status":"open","template":"","meta":[],"product_cat":[4796],"product_tag":[4832,4797],"acf":[],"_links":{"self":[{"href":"https:\/\/www.fila.it\/ch\/de\/wp-json\/wp\/v2\/product\/28775"}],"collection":[{"href":"https:\/\/www.fila.it\/ch\/de\/wp-json\/wp\/v2\/product"}],"about":[{"href":"https:\/\/www.fila.it\/ch\/de\/wp-json\/wp\/v2\/types\/product"}],"replies":[{"embeddable":true,"href":"https:\/\/www.fila.it\/ch\/de\/wp-json\/wp\/v2\/comments?post=28775"}],"wp:featuredmedia":[{"embeddable":true,"href":"https:\/\/www.fila.it\/ch\/de\/wp-json\/wp\/v2\/media\/29459"}],"wp:attachment":[{"href":"https:\/\/www.fila.it\/ch\/de\/wp-json\/wp\/v2\/media?parent=28775"}],"wp:term":[{"taxonomy":"product_cat","embeddable":true,"href":"https:\/\/www.fila.it\/ch\/de\/wp-json\/wp\/v2\/product_cat?post=28775"},{"taxonomy":"product_tag","embeddable":true,"href":"https:\/\/www.fila.it\/ch\/de\/wp-json\/wp\/v2\/product_tag?post=28775"}],"curies":[{"name":"wp","href":"https:\/\/api.w.org\/{rel}","templated":true}]}}