{"id":28776,"date":"2018-06-20T09:01:26","date_gmt":"2018-06-20T08:01:42","guid":{"rendered":"https:\/\/www.fila.it\/ch\/product\/giotto-decor-materials-maxipackung\/"},"modified":"2018-07-16T12:26:10","modified_gmt":"2018-07-16T10:26:10","slug":"giotto-decor-materials-maxipackung","status":"publish","type":"product","link":"https:\/\/www.fila.it\/ch\/de\/product\/giotto-decor-materials-maxipackung\/","title":{"rendered":"GIOTTO Decor Materials &#8211; Maxipackung"},"content":{"rendered":"<p>Mit den GIOTTO Decor Materials Fasermalern k\u00f6nnen verschiedene Oberfl\u00e4chen kreativ gestaltet werden. Dabei sorgt die extra robuste Faserspitze f\u00fcr ein langanhaltendes und besonderes Malerlebnis! Durch den permanenten Halt auf por\u00f6sen Oberfl\u00e4chen, eignen sich die GIOTTO Fasermaler ideal zur Verzierung von Karton, Holz, Glas, Papier, Kunststoff, Steinen, Modelliermasse oder Metall. Die GIOTTO Decor Materials Fasermaler k\u00f6nnen f\u00fcr Zeichnungen auf Fenstern und Spiegeln verwendet und mit einem feuchten Tuch abgewischt werden.  Erh\u00e4ltlich sind die beliebten Fasermaler in verschiedenen, unbedenklichen und lichtbest\u00e4ndigen Farben auf Wasserbasis mit hoher Deckkraft, sodass die Fasermaler selbst auf dunklem oder farbigem Untergrund verwendet werden k\u00f6nnen. Die Fasermaler sind mit einem ventilierten Sicherheitsverschluss ausgestattet Alle Farben lassen sich problemlos von den H\u00e4nden abwaschen, jedoch k\u00f6nnen die Farben Flecken auf der Kleidung hinterlassen. GIOTTO Decor Materials sind als praktische Maxipackung erh\u00e4ltlich, die genau auf die Bed\u00fcrfnisse von gro\u00dfen Gruppen abgestimmt ist.<\/p>\n","protected":false},"excerpt":{"rendered":"<p>GIOTTO Decor Materials Maxipackung \u2013 perfekte Ausstattung f\u00fcr den Schulbedarf!<\/p>\n","protected":false},"featured_media":29460,"comment_status":"closed","ping_status":"open","template":"","meta":[],"product_cat":[4796],"product_tag":[4832,4797,4856],"acf":[],"_links":{"self":[{"href":"https:\/\/www.fila.it\/ch\/de\/wp-json\/wp\/v2\/product\/28776"}],"collection":[{"href":"https:\/\/www.fila.it\/ch\/de\/wp-json\/wp\/v2\/product"}],"about":[{"href":"https:\/\/www.fila.it\/ch\/de\/wp-json\/wp\/v2\/types\/product"}],"replies":[{"embeddable":true,"href":"https:\/\/www.fila.it\/ch\/de\/wp-json\/wp\/v2\/comments?post=28776"}],"wp:featuredmedia":[{"embeddable":true,"href":"https:\/\/www.fila.it\/ch\/de\/wp-json\/wp\/v2\/media\/29460"}],"wp:attachment":[{"href":"https:\/\/www.fila.it\/ch\/de\/wp-json\/wp\/v2\/media?parent=28776"}],"wp:term":[{"taxonomy":"product_cat","embeddable":true,"href":"https:\/\/www.fila.it\/ch\/de\/wp-json\/wp\/v2\/product_cat?post=28776"},{"taxonomy":"product_tag","embeddable":true,"href":"https:\/\/www.fila.it\/ch\/de\/wp-json\/wp\/v2\/product_tag?post=28776"}],"curies":[{"name":"wp","href":"https:\/\/api.w.org\/{rel}","templated":true}]}}