{"id":28779,"date":"2018-06-20T09:01:26","date_gmt":"2018-06-20T08:01:42","guid":{"rendered":"https:\/\/www.fila.it\/ch\/product\/giotto-decor-textile\/"},"modified":"2018-07-16T12:27:35","modified_gmt":"2018-07-16T10:27:35","slug":"giotto-decor-textile","status":"publish","type":"product","link":"https:\/\/www.fila.it\/ch\/de\/product\/giotto-decor-textile\/","title":{"rendered":"GIOTTO Decor Textile"},"content":{"rendered":"<p>GIOTTO Decor Textile erm\u00f6glicht die Kreation eines eigenen Mode-Looks! Mit den speziellen Markern lassen sich Leinen, Baumwolle, Seide und andere Stoffarten kinderleicht gestalten. Alle Textil-Maler sind mit permanenter Tinte bef\u00fcllt und waschmaschinenfest bis 40\u00b0C. Die Farben sind auf Wasserbasis, ungiftig und unbedenklich. Die Farben von GIOTTO lassen sich problemlos von den H\u00e4nden abwaschen und sind mit einer pinselartigen Spitze ausgestattet, die das pr\u00e4zise Zeichnen auf Textilien erleichtert. Alle Stifte haben einen ventilierten Sicherheitsverschluss, der das Auslaufen der Stifte verhindert. Nach der Verzierung der Kleidungsst\u00fccke muss die Farbe durch hei\u00dfes B\u00fcgeln einmal fixiert werden \u2013 fertig!<\/p>\n","protected":false},"excerpt":{"rendered":"<p>GIOTTO Decor Textile \u2013 create your own style!<\/p>\n","protected":false},"featured_media":29463,"comment_status":"closed","ping_status":"open","template":"","meta":[],"product_cat":[4796],"product_tag":[4832,4893,4797],"acf":[],"_links":{"self":[{"href":"https:\/\/www.fila.it\/ch\/de\/wp-json\/wp\/v2\/product\/28779"}],"collection":[{"href":"https:\/\/www.fila.it\/ch\/de\/wp-json\/wp\/v2\/product"}],"about":[{"href":"https:\/\/www.fila.it\/ch\/de\/wp-json\/wp\/v2\/types\/product"}],"replies":[{"embeddable":true,"href":"https:\/\/www.fila.it\/ch\/de\/wp-json\/wp\/v2\/comments?post=28779"}],"wp:featuredmedia":[{"embeddable":true,"href":"https:\/\/www.fila.it\/ch\/de\/wp-json\/wp\/v2\/media\/29463"}],"wp:attachment":[{"href":"https:\/\/www.fila.it\/ch\/de\/wp-json\/wp\/v2\/media?parent=28779"}],"wp:term":[{"taxonomy":"product_cat","embeddable":true,"href":"https:\/\/www.fila.it\/ch\/de\/wp-json\/wp\/v2\/product_cat?post=28779"},{"taxonomy":"product_tag","embeddable":true,"href":"https:\/\/www.fila.it\/ch\/de\/wp-json\/wp\/v2\/product_tag?post=28779"}],"curies":[{"name":"wp","href":"https:\/\/api.w.org\/{rel}","templated":true}]}}