{"id":28786,"date":"2018-06-20T09:01:55","date_gmt":"2018-06-20T08:02:12","guid":{"rendered":"https:\/\/www.fila.it\/ch\/product\/giotto-mega-maxipackung\/"},"modified":"2018-07-16T12:35:02","modified_gmt":"2018-07-16T10:35:02","slug":"giotto-mega-maxipackung","status":"publish","type":"product","link":"https:\/\/www.fila.it\/ch\/de\/product\/giotto-mega-maxipackung\/","title":{"rendered":"Giotto Mega &#8211; Maxipackung"},"content":{"rendered":"<p>GIOTTO Mega &#8211; ein gro\u00dfartiges Kunstwerk ben\u00f6tigt einen gro\u00dfartigen Buntstift. Der GIOTTO Mega ist mit einer gro\u00dfen 5,5 mm starken GIOTTO-Mine ausgestattet, die f\u00fcr besonders viel Malvergn\u00fcgen sorgt. Damit h\u00e4lt die Mine selbst starken Druck aus, sodass selbst kleine und unerfahrene Malk\u00fcnstler direkt loslegen k\u00f6nnen \u2013 perfekt f\u00fcr den Kindergarten und die Grundschule! Jeder sechseckige GIOTTO Mega Buntstift ist in der Farbe der Mine lackiert und mit Goldkanten verziert.<\/p>\n","protected":false},"excerpt":{"rendered":"<p>GIOTTO Mega \u2013 extra Kreativit\u00e4t in der Schule<\/p>\n","protected":false},"featured_media":29481,"comment_status":"closed","ping_status":"open","template":"","meta":[],"product_cat":[4796],"product_tag":[4855,4797,4856],"acf":[],"_links":{"self":[{"href":"https:\/\/www.fila.it\/ch\/de\/wp-json\/wp\/v2\/product\/28786"}],"collection":[{"href":"https:\/\/www.fila.it\/ch\/de\/wp-json\/wp\/v2\/product"}],"about":[{"href":"https:\/\/www.fila.it\/ch\/de\/wp-json\/wp\/v2\/types\/product"}],"replies":[{"embeddable":true,"href":"https:\/\/www.fila.it\/ch\/de\/wp-json\/wp\/v2\/comments?post=28786"}],"wp:featuredmedia":[{"embeddable":true,"href":"https:\/\/www.fila.it\/ch\/de\/wp-json\/wp\/v2\/media\/29481"}],"wp:attachment":[{"href":"https:\/\/www.fila.it\/ch\/de\/wp-json\/wp\/v2\/media?parent=28786"}],"wp:term":[{"taxonomy":"product_cat","embeddable":true,"href":"https:\/\/www.fila.it\/ch\/de\/wp-json\/wp\/v2\/product_cat?post=28786"},{"taxonomy":"product_tag","embeddable":true,"href":"https:\/\/www.fila.it\/ch\/de\/wp-json\/wp\/v2\/product_tag?post=28786"}],"curies":[{"name":"wp","href":"https:\/\/api.w.org\/{rel}","templated":true}]}}