{"id":28787,"date":"2018-06-20T09:01:55","date_gmt":"2018-06-20T08:02:12","guid":{"rendered":"https:\/\/www.fila.it\/ch\/product\/giotto-mega-tri\/"},"modified":"2018-08-01T18:24:28","modified_gmt":"2018-08-01T16:24:28","slug":"giotto-mega-tri","status":"publish","type":"product","link":"https:\/\/www.fila.it\/ch\/de\/product\/giotto-mega-tri\/","title":{"rendered":"GIOTTO Mega Tri"},"content":{"rendered":"<p>GIOTTO Mega Tri &#8211; der gro\u00dfe Buntstift mit dreieckiger, besonders griffiger Form. Dieser gro\u00dfe Buntstift hat eine starke, hochwertige GIOTTO-Mine mit einem Durchmesser von 5,5 mm. Die Buntstifte sorgen besonders bei Kindern im Kindergarten und in der Grundschule f\u00fcr gro\u00dfe Freude, denn selbst unerfahrene Kinder, die den Buntstift noch zu stark aufdr\u00fccken, k\u00f6nnen mit den GIOTTO Mega Tri gleich loslegen.<\/p>\n","protected":false},"excerpt":{"rendered":"<p>GIOTTO Mega Tri \u2013 robuste Buntstifte mit gro\u00dfer Farbvielfalt<\/p>\n","protected":false},"featured_media":29482,"comment_status":"closed","ping_status":"open","template":"","meta":[],"product_cat":[4796],"product_tag":[4855,4797],"acf":[],"_links":{"self":[{"href":"https:\/\/www.fila.it\/ch\/de\/wp-json\/wp\/v2\/product\/28787"}],"collection":[{"href":"https:\/\/www.fila.it\/ch\/de\/wp-json\/wp\/v2\/product"}],"about":[{"href":"https:\/\/www.fila.it\/ch\/de\/wp-json\/wp\/v2\/types\/product"}],"replies":[{"embeddable":true,"href":"https:\/\/www.fila.it\/ch\/de\/wp-json\/wp\/v2\/comments?post=28787"}],"wp:featuredmedia":[{"embeddable":true,"href":"https:\/\/www.fila.it\/ch\/de\/wp-json\/wp\/v2\/media\/29482"}],"wp:attachment":[{"href":"https:\/\/www.fila.it\/ch\/de\/wp-json\/wp\/v2\/media?parent=28787"}],"wp:term":[{"taxonomy":"product_cat","embeddable":true,"href":"https:\/\/www.fila.it\/ch\/de\/wp-json\/wp\/v2\/product_cat?post=28787"},{"taxonomy":"product_tag","embeddable":true,"href":"https:\/\/www.fila.it\/ch\/de\/wp-json\/wp\/v2\/product_tag?post=28787"}],"curies":[{"name":"wp","href":"https:\/\/api.w.org\/{rel}","templated":true}]}}