{"id":28789,"date":"2018-06-20T09:01:55","date_gmt":"2018-06-20T08:02:12","guid":{"rendered":"https:\/\/www.fila.it\/ch\/product\/giotto-patplume\/"},"modified":"2018-07-16T12:37:30","modified_gmt":"2018-07-16T10:37:30","slug":"giotto-patplume","status":"publish","type":"product","link":"https:\/\/www.fila.it\/ch\/de\/product\/giotto-patplume\/","title":{"rendered":"GIOTTO Patplume"},"content":{"rendered":"<p>GIOTTO Patplume ist die Knetmasse auf rein pflanzlicher Basis.  Sie ist weich, einfach zu verarbeiten und damit ideal f\u00fcr Kinder ab 2 Jahren, Kinderg\u00e4rten und Grundschulkinder. Da diese Knetmasse vollst\u00e4ndig glutenfrei ist, kann GIOTTO Patplume auch von Kindern mit Z\u00f6liakie ohne Bedenken geknetet werden. Die GIOTTO-Knetmasse eignet sich besonders zum Modellieren von kleinen Objekten und ist in vielen leuchtenden Farben erh\u00e4ltlich. Die Kinder k\u00f6nnen die Farben ganz leicht miteinander mischen, um unendlich viele Farbt\u00f6ne und Muster herzustellen.  GIOTTO Patplume trocknet nicht an der Luft aus, ist temperaturbest\u00e4ndig und kann einfach mit Wasser und Seife von den H\u00e4nden abgewaschen werden \u2013 perfekt f\u00fcr den t\u00e4glichen Einsatz im Kindergarten und in der Grundschule!<\/p>\n","protected":false},"excerpt":{"rendered":"<p>GIOTTO Patplume \u2013 mit dieser Knetmasse werden kleine Ideen zu gro\u00dfen Kunstwerken!<\/p>\n","protected":false},"featured_media":29484,"comment_status":"closed","ping_status":"open","template":"","meta":[],"product_cat":[4802],"product_tag":[4803,4913,4912],"acf":[],"_links":{"self":[{"href":"https:\/\/www.fila.it\/ch\/de\/wp-json\/wp\/v2\/product\/28789"}],"collection":[{"href":"https:\/\/www.fila.it\/ch\/de\/wp-json\/wp\/v2\/product"}],"about":[{"href":"https:\/\/www.fila.it\/ch\/de\/wp-json\/wp\/v2\/types\/product"}],"replies":[{"embeddable":true,"href":"https:\/\/www.fila.it\/ch\/de\/wp-json\/wp\/v2\/comments?post=28789"}],"wp:featuredmedia":[{"embeddable":true,"href":"https:\/\/www.fila.it\/ch\/de\/wp-json\/wp\/v2\/media\/29484"}],"wp:attachment":[{"href":"https:\/\/www.fila.it\/ch\/de\/wp-json\/wp\/v2\/media?parent=28789"}],"wp:term":[{"taxonomy":"product_cat","embeddable":true,"href":"https:\/\/www.fila.it\/ch\/de\/wp-json\/wp\/v2\/product_cat?post=28789"},{"taxonomy":"product_tag","embeddable":true,"href":"https:\/\/www.fila.it\/ch\/de\/wp-json\/wp\/v2\/product_tag?post=28789"}],"curies":[{"name":"wp","href":"https:\/\/api.w.org\/{rel}","templated":true}]}}