{"id":28795,"date":"2018-06-20T09:01:55","date_gmt":"2018-06-20T08:02:12","guid":{"rendered":"https:\/\/www.fila.it\/ch\/product\/giotto-flachpinsel\/"},"modified":"2018-07-16T12:31:28","modified_gmt":"2018-07-16T10:31:28","slug":"giotto-flachpinsel","status":"publish","type":"product","link":"https:\/\/www.fila.it\/ch\/de\/product\/giotto-flachpinsel\/","title":{"rendered":"GIOTTO Flachpinsel"},"content":{"rendered":"<p>Der GIOTTO 600 Taklon ist ein Synthetik-Pinsel, der f\u00fcr alle Malvorhaben flexibel eingesetzt werden kann. Der Pinsel \u00fcberzeugt mit seiner weichen und flachen Spitze, die sich f\u00fcr einen pr\u00e4zisen und fl\u00e4chendeckenden Farbauftrag eignet. Der GIOTTO 600 Taklon kann dank seiner hohen Saugf\u00e4higkeit viel Farbe aufnehmen und eignet sich dementsprechend ideal zum Malen von Hintergr\u00fcnden. Die Synthetik-Haare des Pinsels k\u00f6nnen sich dank der stabilen Metallh\u00fclse nicht l\u00f6sen.<\/p>\n","protected":false},"excerpt":{"rendered":"<p>GIOTTO Flachpinsel \u2013 der hochwertige flache Pinsel f\u00fcr jeden Bedarf<\/p>\n","protected":false},"featured_media":29470,"comment_status":"closed","ping_status":"open","template":"","meta":[],"product_cat":[4796],"product_tag":[4797,4924,4929],"acf":[],"_links":{"self":[{"href":"https:\/\/www.fila.it\/ch\/de\/wp-json\/wp\/v2\/product\/28795"}],"collection":[{"href":"https:\/\/www.fila.it\/ch\/de\/wp-json\/wp\/v2\/product"}],"about":[{"href":"https:\/\/www.fila.it\/ch\/de\/wp-json\/wp\/v2\/types\/product"}],"replies":[{"embeddable":true,"href":"https:\/\/www.fila.it\/ch\/de\/wp-json\/wp\/v2\/comments?post=28795"}],"wp:featuredmedia":[{"embeddable":true,"href":"https:\/\/www.fila.it\/ch\/de\/wp-json\/wp\/v2\/media\/29470"}],"wp:attachment":[{"href":"https:\/\/www.fila.it\/ch\/de\/wp-json\/wp\/v2\/media?parent=28795"}],"wp:term":[{"taxonomy":"product_cat","embeddable":true,"href":"https:\/\/www.fila.it\/ch\/de\/wp-json\/wp\/v2\/product_cat?post=28795"},{"taxonomy":"product_tag","embeddable":true,"href":"https:\/\/www.fila.it\/ch\/de\/wp-json\/wp\/v2\/product_tag?post=28795"}],"curies":[{"name":"wp","href":"https:\/\/api.w.org\/{rel}","templated":true}]}}