{"id":28798,"date":"2018-06-20T09:01:55","date_gmt":"2018-06-20T08:02:12","guid":{"rendered":"https:\/\/www.fila.it\/ch\/product\/giotto-robercolor\/"},"modified":"2018-07-16T12:39:57","modified_gmt":"2018-07-16T10:39:57","slug":"giotto-robercolor","status":"publish","type":"product","link":"https:\/\/www.fila.it\/ch\/de\/product\/giotto-robercolor\/","title":{"rendered":"GIOTTO Robercolor"},"content":{"rendered":"<p>GIOTTO Robercolor &#8211; diese Kreide ist speziell f\u00fcr die Verwendung auf Tafeln entwickelt.  Die Robercolor Kreidestifte werden aus echtem Kalk aus der franz\u00f6sischen Champagne hergestellt. Sie gleiten leicht \u00fcber die Tafel, ohne zu kratzen und hinterlassen eine saubere und scharfe Linie.  Alle Robercolor Kreidestifte passen mit einem Durchmesser von 10 mm wunderbar in jeden Kreidehalter. Die Kreide ist staubfrei, dermatologisch getestet und frei von Giftstoffen \u2013 perfekt f\u00fcr den Schulalltag!<\/p>\n","protected":false},"excerpt":{"rendered":"<p>GIOTTO Robercolor \u2013 Kreide in Spitzenqualit\u00e4t<\/p>\n","protected":false},"featured_media":26749,"comment_status":"closed","ping_status":"open","template":"","meta":[],"product_cat":[4796],"product_tag":[4842,4797,4805],"acf":[],"_links":{"self":[{"href":"https:\/\/www.fila.it\/ch\/de\/wp-json\/wp\/v2\/product\/28798"}],"collection":[{"href":"https:\/\/www.fila.it\/ch\/de\/wp-json\/wp\/v2\/product"}],"about":[{"href":"https:\/\/www.fila.it\/ch\/de\/wp-json\/wp\/v2\/types\/product"}],"replies":[{"embeddable":true,"href":"https:\/\/www.fila.it\/ch\/de\/wp-json\/wp\/v2\/comments?post=28798"}],"wp:featuredmedia":[{"embeddable":true,"href":"https:\/\/www.fila.it\/ch\/de\/wp-json\/wp\/v2\/media\/26749"}],"wp:attachment":[{"href":"https:\/\/www.fila.it\/ch\/de\/wp-json\/wp\/v2\/media?parent=28798"}],"wp:term":[{"taxonomy":"product_cat","embeddable":true,"href":"https:\/\/www.fila.it\/ch\/de\/wp-json\/wp\/v2\/product_cat?post=28798"},{"taxonomy":"product_tag","embeddable":true,"href":"https:\/\/www.fila.it\/ch\/de\/wp-json\/wp\/v2\/product_tag?post=28798"}],"curies":[{"name":"wp","href":"https:\/\/api.w.org\/{rel}","templated":true}]}}