{"id":28801,"date":"2018-06-20T09:02:25","date_gmt":"2018-06-20T08:02:41","guid":{"rendered":"https:\/\/www.fila.it\/ch\/product\/giotto-stilnovo\/"},"modified":"2018-07-16T12:41:58","modified_gmt":"2018-07-16T10:41:58","slug":"giotto-stilnovo","status":"publish","type":"product","link":"https:\/\/www.fila.it\/ch\/de\/product\/giotto-stilnovo\/","title":{"rendered":"GIOTTO Stilnovo"},"content":{"rendered":"<p>Der GIOTTO Stilnovo Buntstift wurde speziell f\u00fcr die Schule und den Kunstunterricht entwickelt. Jeder Stift hat ein Feld mit genug Platz, damit die Kinder ihren Namen eintragen und den Stift individualisieren k\u00f6nnen. Die ganze Qualit\u00e4t von GIOTTO steckt in diesem benutzerfreundlichen, sechseckigen Buntstift mit einer 3,3 mm starken Mine. GIOTTO Stilnovo ist in 36 unterschiedlichen, leuchtenden Farben erh\u00e4ltlich. Die Stilnovo Buntstifte sind in derselben Farbe wie die Mine lackiert und mit silbernen Kanten verziert. Die bruchsichere Mine und die \u00fcberzeugende Farbqualit\u00e4t der GIOTTO Buntstifte schaffen ein unvergessliches Malerlebnis f\u00fcr jeden Sch\u00fcler \u2013 ganz gleich, ob Anf\u00e4nger oder Fortgeschrittener.<\/p>\n","protected":false},"excerpt":{"rendered":"<p>Mit GIOTTO Stilnovo wird jede Zeichnung zu einem Kunstwerk!<\/p>\n","protected":false},"featured_media":29491,"comment_status":"closed","ping_status":"open","template":"","meta":[],"product_cat":[4796],"product_tag":[4855,4797],"acf":[],"_links":{"self":[{"href":"https:\/\/www.fila.it\/ch\/de\/wp-json\/wp\/v2\/product\/28801"}],"collection":[{"href":"https:\/\/www.fila.it\/ch\/de\/wp-json\/wp\/v2\/product"}],"about":[{"href":"https:\/\/www.fila.it\/ch\/de\/wp-json\/wp\/v2\/types\/product"}],"replies":[{"embeddable":true,"href":"https:\/\/www.fila.it\/ch\/de\/wp-json\/wp\/v2\/comments?post=28801"}],"wp:featuredmedia":[{"embeddable":true,"href":"https:\/\/www.fila.it\/ch\/de\/wp-json\/wp\/v2\/media\/29491"}],"wp:attachment":[{"href":"https:\/\/www.fila.it\/ch\/de\/wp-json\/wp\/v2\/media?parent=28801"}],"wp:term":[{"taxonomy":"product_cat","embeddable":true,"href":"https:\/\/www.fila.it\/ch\/de\/wp-json\/wp\/v2\/product_cat?post=28801"},{"taxonomy":"product_tag","embeddable":true,"href":"https:\/\/www.fila.it\/ch\/de\/wp-json\/wp\/v2\/product_tag?post=28801"}],"curies":[{"name":"wp","href":"https:\/\/api.w.org\/{rel}","templated":true}]}}