{"id":28802,"date":"2018-06-20T09:02:25","date_gmt":"2018-06-20T08:02:41","guid":{"rendered":"https:\/\/www.fila.it\/ch\/product\/giotto-stilnovo-schulbox\/"},"modified":"2018-07-16T12:42:13","modified_gmt":"2018-07-16T10:42:13","slug":"giotto-stilnovo-schulbox","status":"publish","type":"product","link":"https:\/\/www.fila.it\/ch\/de\/product\/giotto-stilnovo-schulbox\/","title":{"rendered":"GIOTTO Stilnovo &#8211; Schulbox"},"content":{"rendered":"<p>GIOTTO Stilnovo ist der ideale Buntstift f\u00fcr den Unterricht. Dieser leicht zu sch\u00e4rfende, sechseckige Buntstift mit einer 3,3 mm starken und bruchsicheren Mine erm\u00f6glicht ein besonderes Malerlebnis. GIOTTO Stilnovo ist in 36 unterschiedlichen, leuchtenden Farben erh\u00e4ltlich und begeistert mit ausgezeichneter Qualit\u00e4t. Alle Stilnovo Buntstifte sind in derselben Farbe wie die Mine lackiert und mit silbernen Kanten verziert.  Diese bunten und leuchtenden Stifte sind ideal f\u00fcr den Einsatz in der Schule und f\u00fcr Zuhause geeignet.<\/p>\n","protected":false},"excerpt":{"rendered":"<p>GIOTTO Stilnovo \u2013 der Buntstift in der praktischen Schulbox<\/p>\n","protected":false},"featured_media":29492,"comment_status":"closed","ping_status":"open","template":"","meta":[],"product_cat":[4796],"product_tag":[4855,4797,4856],"acf":[],"_links":{"self":[{"href":"https:\/\/www.fila.it\/ch\/de\/wp-json\/wp\/v2\/product\/28802"}],"collection":[{"href":"https:\/\/www.fila.it\/ch\/de\/wp-json\/wp\/v2\/product"}],"about":[{"href":"https:\/\/www.fila.it\/ch\/de\/wp-json\/wp\/v2\/types\/product"}],"replies":[{"embeddable":true,"href":"https:\/\/www.fila.it\/ch\/de\/wp-json\/wp\/v2\/comments?post=28802"}],"wp:featuredmedia":[{"embeddable":true,"href":"https:\/\/www.fila.it\/ch\/de\/wp-json\/wp\/v2\/media\/29492"}],"wp:attachment":[{"href":"https:\/\/www.fila.it\/ch\/de\/wp-json\/wp\/v2\/media?parent=28802"}],"wp:term":[{"taxonomy":"product_cat","embeddable":true,"href":"https:\/\/www.fila.it\/ch\/de\/wp-json\/wp\/v2\/product_cat?post=28802"},{"taxonomy":"product_tag","embeddable":true,"href":"https:\/\/www.fila.it\/ch\/de\/wp-json\/wp\/v2\/product_tag?post=28802"}],"curies":[{"name":"wp","href":"https:\/\/api.w.org\/{rel}","templated":true}]}}