{"id":28814,"date":"2018-06-20T09:02:25","date_gmt":"2018-06-20T08:02:41","guid":{"rendered":"https:\/\/www.fila.it\/ch\/product\/giotto-schulmalfarbe\/"},"modified":"2018-07-16T12:41:33","modified_gmt":"2018-07-16T10:41:33","slug":"giotto-schulmalfarbe","status":"publish","type":"product","link":"https:\/\/www.fila.it\/ch\/de\/product\/giotto-schulmalfarbe\/","title":{"rendered":"GIOTTO Schulmalfarbe"},"content":{"rendered":"<p>GIOTTO School Paint ist die gebrauchsfertige Farbe, die sich leicht von den H\u00e4nden der Kinder abwaschen l\u00e4sst. Selbst die befleckte Kleidung wird nach einem Waschdurchgang bei 40 \u00b0C wieder sauber. Damit m\u00fcssen sich weder Lehrer, noch Eltern Gedanken \u00fcber hartn\u00e4ckige Flecken machen.  Die hochwertigen GIOTTO-Farben begeistern mit ihrer Farbintensit\u00e4t und Leuchtkraft. Die Schulfarben sind vollkommen unbedenklich, einfach in der Anwendung und speziell auf die Bed\u00fcrfnisse der Kinder abgestimmt.  Die Farben werden in der originalen GIOTTO-Flasche geliefert, die mit einem ergonomischen Griff und mit einem passenden Spender f\u00fcr exaktes Dosieren ausgestattet ist.   Die Flaschen sind mit dem charakteristischen gelben Etikett und der praktischen Dosierkappe ausgestattet.<\/p>\n","protected":false},"excerpt":{"rendered":"<p>GIOTTO Schulmalfarbe \u2013 erobert die Herzen der jungen K\u00fcnstler im Sturm<\/p>\n","protected":false},"featured_media":29490,"comment_status":"closed","ping_status":"open","template":"","meta":[],"product_cat":[4796],"product_tag":[4850,4797,4965],"acf":[],"_links":{"self":[{"href":"https:\/\/www.fila.it\/ch\/de\/wp-json\/wp\/v2\/product\/28814"}],"collection":[{"href":"https:\/\/www.fila.it\/ch\/de\/wp-json\/wp\/v2\/product"}],"about":[{"href":"https:\/\/www.fila.it\/ch\/de\/wp-json\/wp\/v2\/types\/product"}],"replies":[{"embeddable":true,"href":"https:\/\/www.fila.it\/ch\/de\/wp-json\/wp\/v2\/comments?post=28814"}],"wp:featuredmedia":[{"embeddable":true,"href":"https:\/\/www.fila.it\/ch\/de\/wp-json\/wp\/v2\/media\/29490"}],"wp:attachment":[{"href":"https:\/\/www.fila.it\/ch\/de\/wp-json\/wp\/v2\/media?parent=28814"}],"wp:term":[{"taxonomy":"product_cat","embeddable":true,"href":"https:\/\/www.fila.it\/ch\/de\/wp-json\/wp\/v2\/product_cat?post=28814"},{"taxonomy":"product_tag","embeddable":true,"href":"https:\/\/www.fila.it\/ch\/de\/wp-json\/wp\/v2\/product_tag?post=28814"}],"curies":[{"name":"wp","href":"https:\/\/api.w.org\/{rel}","templated":true}]}}