{"id":28815,"date":"2018-06-20T09:02:25","date_gmt":"2018-06-20T08:02:41","guid":{"rendered":"https:\/\/www.fila.it\/ch\/product\/giotto-turbo-advanced\/"},"modified":"2018-08-01T18:31:29","modified_gmt":"2018-08-01T16:31:29","slug":"giotto-turbo-advanced","status":"publish","type":"product","link":"https:\/\/www.fila.it\/ch\/de\/product\/giotto-turbo-advanced\/","title":{"rendered":"Giotto Turbo Advanced"},"content":{"rendered":"<p>Die d\u00fcnnen Filzstifte mit Tinte auf Wasserbasis lassen sich ganz leicht aus der Kleidung und der Haut auswaschen. Die Linienst\u00e4rke betr\u00e4gt 2,8 mm. Die Kappe des Fasermalers ist ventiliert und sorgt somit f\u00fcr die n\u00f6tigen Sicherheitsstandards. Giotto Turbo Advanced sind in zw\u00f6lf leuchtenden Farben erh\u00e4ltlich<\/p>\n","protected":false},"excerpt":{"rendered":"<p>Giotto Turbo Advanced f\u00fcr innovative K\u00fcnstler<\/p>\n","protected":false},"featured_media":29498,"comment_status":"closed","ping_status":"open","template":"","meta":[],"product_cat":[4796],"product_tag":[4942,4832,4797],"acf":[],"_links":{"self":[{"href":"https:\/\/www.fila.it\/ch\/de\/wp-json\/wp\/v2\/product\/28815"}],"collection":[{"href":"https:\/\/www.fila.it\/ch\/de\/wp-json\/wp\/v2\/product"}],"about":[{"href":"https:\/\/www.fila.it\/ch\/de\/wp-json\/wp\/v2\/types\/product"}],"replies":[{"embeddable":true,"href":"https:\/\/www.fila.it\/ch\/de\/wp-json\/wp\/v2\/comments?post=28815"}],"wp:featuredmedia":[{"embeddable":true,"href":"https:\/\/www.fila.it\/ch\/de\/wp-json\/wp\/v2\/media\/29498"}],"wp:attachment":[{"href":"https:\/\/www.fila.it\/ch\/de\/wp-json\/wp\/v2\/media?parent=28815"}],"wp:term":[{"taxonomy":"product_cat","embeddable":true,"href":"https:\/\/www.fila.it\/ch\/de\/wp-json\/wp\/v2\/product_cat?post=28815"},{"taxonomy":"product_tag","embeddable":true,"href":"https:\/\/www.fila.it\/ch\/de\/wp-json\/wp\/v2\/product_tag?post=28815"}],"curies":[{"name":"wp","href":"https:\/\/api.w.org\/{rel}","templated":true}]}}