{"id":28826,"date":"2018-06-20T09:02:54","date_gmt":"2018-06-20T08:03:08","guid":{"rendered":"https:\/\/www.fila.it\/ch\/product\/giotto-extra-fine-malset\/"},"modified":"2018-07-16T12:29:39","modified_gmt":"2018-07-16T10:29:39","slug":"giotto-extra-fine-malset","status":"publish","type":"product","link":"https:\/\/www.fila.it\/ch\/de\/product\/giotto-extra-fine-malset\/","title":{"rendered":"Giotto Extra Fine &#8211; Malset"},"content":{"rendered":"<p>Das ideale Geschenk f\u00fcr Kreative! Der hochwertige Holzkoffer enth\u00e4lt alles, was man ben\u00f6tigt: Malpalette, Pinsel, Schwamm, Fixativ, Kohle und nat\u00fcrlich Giotto Extra Fine!<\/p>\n","protected":false},"excerpt":{"rendered":"<p>Das ideale Geschenk f\u00fcr ambitionierte K\u00fcnstler<\/p>\n","protected":false},"featured_media":29465,"comment_status":"closed","ping_status":"open","template":"","meta":[],"product_cat":[4796],"product_tag":[4850,4797,4959],"acf":[],"_links":{"self":[{"href":"https:\/\/www.fila.it\/ch\/de\/wp-json\/wp\/v2\/product\/28826"}],"collection":[{"href":"https:\/\/www.fila.it\/ch\/de\/wp-json\/wp\/v2\/product"}],"about":[{"href":"https:\/\/www.fila.it\/ch\/de\/wp-json\/wp\/v2\/types\/product"}],"replies":[{"embeddable":true,"href":"https:\/\/www.fila.it\/ch\/de\/wp-json\/wp\/v2\/comments?post=28826"}],"wp:featuredmedia":[{"embeddable":true,"href":"https:\/\/www.fila.it\/ch\/de\/wp-json\/wp\/v2\/media\/29465"}],"wp:attachment":[{"href":"https:\/\/www.fila.it\/ch\/de\/wp-json\/wp\/v2\/media?parent=28826"}],"wp:term":[{"taxonomy":"product_cat","embeddable":true,"href":"https:\/\/www.fila.it\/ch\/de\/wp-json\/wp\/v2\/product_cat?post=28826"},{"taxonomy":"product_tag","embeddable":true,"href":"https:\/\/www.fila.it\/ch\/de\/wp-json\/wp\/v2\/product_tag?post=28826"}],"curies":[{"name":"wp","href":"https:\/\/api.w.org\/{rel}","templated":true}]}}