{"id":28832,"date":"2018-06-20T09:02:54","date_gmt":"2018-06-20T08:03:08","guid":{"rendered":"https:\/\/www.fila.it\/ch\/product\/lyra-knetradiergummi\/"},"modified":"2018-07-16T13:03:58","modified_gmt":"2018-07-16T11:03:58","slug":"lyra-knetradiergummi","status":"publish","type":"product","link":"https:\/\/www.fila.it\/ch\/de\/product\/lyra-knetradiergummi\/","title":{"rendered":"LYRA Knetradiergummi"},"content":{"rendered":"<p>Mit dem LYRA Knetgummi wird pr\u00e4zises Radieren zu einem Erlebnis! Das LYRA Knetgummi eignet sich ideal zum Entfernen von Holzkohle und Kreide von gro\u00dfen Fl\u00e4chen. Dar\u00fcber hinaus ist unser Knetgummi ideal zum vollst\u00e4ndigen Radieren oder Aufhellen von Kohle-, Kreide- und Pastellzeichnungen. Dieser besondere Radiergummi l\u00e4sst sich leicht formen, damit k\u00f6nnen vorab Formen modelliert werden. Er hinterl\u00e4sst keine Flecken auf dem Papier. Wird der Knetradiergummi nicht verwendet, so h\u00e4lt die praktische Kunststoffbox den Radierer knetbar und weich.<\/p>\n","protected":false},"excerpt":{"rendered":"<p>LYRA Knetgummiradierer \u2013 flexibel und effizient<\/p>\n","protected":false},"featured_media":29527,"comment_status":"closed","ping_status":"open","template":"","meta":[],"product_cat":[4987],"product_tag":[4988,4805,4985],"acf":[],"_links":{"self":[{"href":"https:\/\/www.fila.it\/ch\/de\/wp-json\/wp\/v2\/product\/28832"}],"collection":[{"href":"https:\/\/www.fila.it\/ch\/de\/wp-json\/wp\/v2\/product"}],"about":[{"href":"https:\/\/www.fila.it\/ch\/de\/wp-json\/wp\/v2\/types\/product"}],"replies":[{"embeddable":true,"href":"https:\/\/www.fila.it\/ch\/de\/wp-json\/wp\/v2\/comments?post=28832"}],"wp:featuredmedia":[{"embeddable":true,"href":"https:\/\/www.fila.it\/ch\/de\/wp-json\/wp\/v2\/media\/29527"}],"wp:attachment":[{"href":"https:\/\/www.fila.it\/ch\/de\/wp-json\/wp\/v2\/media?parent=28832"}],"wp:term":[{"taxonomy":"product_cat","embeddable":true,"href":"https:\/\/www.fila.it\/ch\/de\/wp-json\/wp\/v2\/product_cat?post=28832"},{"taxonomy":"product_tag","embeddable":true,"href":"https:\/\/www.fila.it\/ch\/de\/wp-json\/wp\/v2\/product_tag?post=28832"}],"curies":[{"name":"wp","href":"https:\/\/api.w.org\/{rel}","templated":true}]}}