{"id":28833,"date":"2018-06-20T09:02:54","date_gmt":"2018-06-20T08:03:08","guid":{"rendered":"https:\/\/www.fila.it\/ch\/product\/giotto-malschuerze\/"},"modified":"2018-07-16T12:34:10","modified_gmt":"2018-07-16T10:34:10","slug":"giotto-malschuerze","status":"publish","type":"product","link":"https:\/\/www.fila.it\/ch\/de\/product\/giotto-malschuerze\/","title":{"rendered":"Giotto Malsch\u00fcrze"},"content":{"rendered":"<p>Nicht immer landet die Farbe dort wo sie hin geh\u00f6rt. Da kann es schon mal passieren, dass etwas auf die Kleidung gelangt. Giotto sorgt mit seiner abwischbaren Sch\u00fcrze daf\u00fcr, dass es kein Problem mehr ist. Die Malsch\u00fcrze mit langen \u00c4rmeln ist in Einheitsgr\u00f6\u00dfe f\u00fcr Kinder ab drei Jahren geeignet. Sie l\u00e4sst sich in der Waschmaschine waschen und sorgt mit seinem Namenfeld daf\u00fcr, dass sie nicht verwechselt wird. F\u00fcr den schnellen Zweck gibt es auch noch eine Einwegmalsch\u00fcrze.<\/p>\n","protected":false},"excerpt":{"rendered":"<p>Mit der Giotto Sch\u00fcrze ist die Kleidung vor Farbe gesch\u00fctzt<\/p>\n","protected":false},"featured_media":29478,"comment_status":"closed","ping_status":"open","template":"","meta":[],"product_cat":[4796],"product_tag":[4812,4797,4990],"acf":[],"_links":{"self":[{"href":"https:\/\/www.fila.it\/ch\/de\/wp-json\/wp\/v2\/product\/28833"}],"collection":[{"href":"https:\/\/www.fila.it\/ch\/de\/wp-json\/wp\/v2\/product"}],"about":[{"href":"https:\/\/www.fila.it\/ch\/de\/wp-json\/wp\/v2\/types\/product"}],"replies":[{"embeddable":true,"href":"https:\/\/www.fila.it\/ch\/de\/wp-json\/wp\/v2\/comments?post=28833"}],"wp:featuredmedia":[{"embeddable":true,"href":"https:\/\/www.fila.it\/ch\/de\/wp-json\/wp\/v2\/media\/29478"}],"wp:attachment":[{"href":"https:\/\/www.fila.it\/ch\/de\/wp-json\/wp\/v2\/media?parent=28833"}],"wp:term":[{"taxonomy":"product_cat","embeddable":true,"href":"https:\/\/www.fila.it\/ch\/de\/wp-json\/wp\/v2\/product_cat?post=28833"},{"taxonomy":"product_tag","embeddable":true,"href":"https:\/\/www.fila.it\/ch\/de\/wp-json\/wp\/v2\/product_tag?post=28833"}],"curies":[{"name":"wp","href":"https:\/\/api.w.org\/{rel}","templated":true}]}}