{"id":28846,"date":"2018-06-20T09:03:22","date_gmt":"2018-06-20T08:03:37","guid":{"rendered":"https:\/\/www.fila.it\/ch\/product\/lyra-groove\/"},"modified":"2018-08-01T18:24:59","modified_gmt":"2018-08-01T16:24:59","slug":"lyra-groove","status":"publish","type":"product","link":"https:\/\/www.fila.it\/ch\/de\/product\/lyra-groove\/","title":{"rendered":"LYRA Groove"},"content":{"rendered":"<p>LYRA Groove sind ergonomische Buntstifte mit rutschfesten Griffmulden f\u00fcr Daumen, Zeige- und Mittelfinger, die f\u00fcr Links- und Rechtsh\u00e4nder geeignet sind. Die Griffmulden im dreieckigen Holzmantel sind versetzt eingearbeitet, damit jeder Finger die ideale Position einnimmt. Da Kinder diese Stellen im Holz haptisch interessant finden, werden die H\u00e4nde wie von selbst die ideale Haltung einnehmen. Die ergonomischen Vorteile der Groove Stifte bleiben selbst nach dem Anspitzen erhalten, da die Griffmulden in regelm\u00e4\u00dfigen Abst\u00e4nden verarbeitet sind. Jeder Buntstift hat eine bruchfeste Mine und ein Namensfeld, in dem die Kinder ihren Namen eintragen k\u00f6nnen. Dieser clevere Stift liegt nicht nur ideal in der Hand, sondern ist durch seine besondere Optik ein echter Hingucker!<\/p>\n","protected":false},"excerpt":{"rendered":"<p>LYRA Groove: ergonomische Buntstifte f\u00fcr kreative Kinder!<\/p>\n","protected":false},"featured_media":29520,"comment_status":"closed","ping_status":"open","template":"","meta":[],"product_cat":[4796],"product_tag":[4855,4797],"acf":[],"_links":{"self":[{"href":"https:\/\/www.fila.it\/ch\/de\/wp-json\/wp\/v2\/product\/28846"}],"collection":[{"href":"https:\/\/www.fila.it\/ch\/de\/wp-json\/wp\/v2\/product"}],"about":[{"href":"https:\/\/www.fila.it\/ch\/de\/wp-json\/wp\/v2\/types\/product"}],"replies":[{"embeddable":true,"href":"https:\/\/www.fila.it\/ch\/de\/wp-json\/wp\/v2\/comments?post=28846"}],"wp:featuredmedia":[{"embeddable":true,"href":"https:\/\/www.fila.it\/ch\/de\/wp-json\/wp\/v2\/media\/29520"}],"wp:attachment":[{"href":"https:\/\/www.fila.it\/ch\/de\/wp-json\/wp\/v2\/media?parent=28846"}],"wp:term":[{"taxonomy":"product_cat","embeddable":true,"href":"https:\/\/www.fila.it\/ch\/de\/wp-json\/wp\/v2\/product_cat?post=28846"},{"taxonomy":"product_tag","embeddable":true,"href":"https:\/\/www.fila.it\/ch\/de\/wp-json\/wp\/v2\/product_tag?post=28846"}],"curies":[{"name":"wp","href":"https:\/\/api.w.org\/{rel}","templated":true}]}}