{"id":28852,"date":"2018-06-20T09:03:22","date_gmt":"2018-06-20T08:03:37","guid":{"rendered":"https:\/\/www.fila.it\/ch\/product\/lyra-groove-triple-one\/"},"modified":"2018-07-16T13:03:42","modified_gmt":"2018-07-16T11:03:42","slug":"lyra-groove-triple-one","status":"publish","type":"product","link":"https:\/\/www.fila.it\/ch\/de\/product\/lyra-groove-triple-one\/","title":{"rendered":"LYRA Groove Triple One"},"content":{"rendered":"<p>Der Lyra Groove Triple 1 ist ein Aquarellstift, Buntstift und Wachsmalkreide in einem und eignet sich perfekt f\u00fcr Kleinkinder.  Die leuchtenden, gleichm\u00e4\u00dfig deckenden Farben sind wasserl\u00f6slich und einfach zu mischen. Mit den Triple 1 Stiften kann auch auf allen glatten Oberfl\u00e4chen wie Glas und Spiegeln gemalt werden und anschlie\u00dfend wieder entfernt werden. Der Stift hat einen Durchmesser von 15 mm, rutschsichere Griffmulden f\u00fcr Daumen, Zeige- und Mittelfinger und eignet sich sowohl f\u00fcr Linksh\u00e4nder, als auch f\u00fcr Rechtsh\u00e4nder.  Die Griffmulden im dreifl\u00e4chigen Holzstift wurden versetzt eingearbeitet, damit jeder Finger seine korrekte Position einnimmt. Da Kinder die vertieften Stellen im Holz besonders interessant finden, nehmen die H\u00e4nde wie von selbst die perfekte Stifthaltung ein. Das Holz unseres vielseitigen Groove Triple 1 stammt aus nachhaltig bewirtschafteten, PEFC-zertifizierten W\u00e4ldern.<\/p>\n","protected":false},"excerpt":{"rendered":"<p>LYRA Groove Triple One: Aquarellstift, Buntsift und Wachsmalkreide in einem.<\/p>\n","protected":false},"featured_media":26833,"comment_status":"closed","ping_status":"open","template":"","meta":[],"product_cat":[4796],"product_tag":[4855,4833,4797],"acf":[],"_links":{"self":[{"href":"https:\/\/www.fila.it\/ch\/de\/wp-json\/wp\/v2\/product\/28852"}],"collection":[{"href":"https:\/\/www.fila.it\/ch\/de\/wp-json\/wp\/v2\/product"}],"about":[{"href":"https:\/\/www.fila.it\/ch\/de\/wp-json\/wp\/v2\/types\/product"}],"replies":[{"embeddable":true,"href":"https:\/\/www.fila.it\/ch\/de\/wp-json\/wp\/v2\/comments?post=28852"}],"wp:featuredmedia":[{"embeddable":true,"href":"https:\/\/www.fila.it\/ch\/de\/wp-json\/wp\/v2\/media\/26833"}],"wp:attachment":[{"href":"https:\/\/www.fila.it\/ch\/de\/wp-json\/wp\/v2\/media?parent=28852"}],"wp:term":[{"taxonomy":"product_cat","embeddable":true,"href":"https:\/\/www.fila.it\/ch\/de\/wp-json\/wp\/v2\/product_cat?post=28852"},{"taxonomy":"product_tag","embeddable":true,"href":"https:\/\/www.fila.it\/ch\/de\/wp-json\/wp\/v2\/product_tag?post=28852"}],"curies":[{"name":"wp","href":"https:\/\/api.w.org\/{rel}","templated":true}]}}