{"id":28854,"date":"2018-06-20T09:03:22","date_gmt":"2018-06-20T08:03:37","guid":{"rendered":"https:\/\/www.fila.it\/ch\/product\/lyra-megaliner\/"},"modified":"2018-07-16T13:04:20","modified_gmt":"2018-07-16T11:04:20","slug":"lyra-megaliner","status":"publish","type":"product","link":"https:\/\/www.fila.it\/ch\/de\/product\/lyra-megaliner\/","title":{"rendered":"LYRA Megaliner"},"content":{"rendered":"<p>LYRA Megaliner sind neonfarbene Maxi-Stifte aus Holz, die sich hervorragend zum Markieren von wichtigen Textstellen eignen.  Der Stift ist ideal f\u00fcr den Einsatz im B\u00fcro, in der Schule, in der Uni oder privat zu Hause geeignet. Er ben\u00f6tigt keine Verschlusskappe gegen Austrocknen, ist l\u00f6semittelfrei und kann einfach mit dem Anspitzer gesch\u00e4rft werden.  Mithilfe unseres Textmarkers lassen sich selbst feinste Markierungen einfach vornehmen.<\/p>\n","protected":false},"excerpt":{"rendered":"<p>LYRA Megaliner \u2013 auff\u00e4lliger Textmarker aus Holz<\/p>\n","protected":false},"featured_media":29529,"comment_status":"closed","ping_status":"open","template":"","meta":[],"product_cat":[4983],"product_tag":[4805,4984,5021],"acf":[],"_links":{"self":[{"href":"https:\/\/www.fila.it\/ch\/de\/wp-json\/wp\/v2\/product\/28854"}],"collection":[{"href":"https:\/\/www.fila.it\/ch\/de\/wp-json\/wp\/v2\/product"}],"about":[{"href":"https:\/\/www.fila.it\/ch\/de\/wp-json\/wp\/v2\/types\/product"}],"replies":[{"embeddable":true,"href":"https:\/\/www.fila.it\/ch\/de\/wp-json\/wp\/v2\/comments?post=28854"}],"wp:featuredmedia":[{"embeddable":true,"href":"https:\/\/www.fila.it\/ch\/de\/wp-json\/wp\/v2\/media\/29529"}],"wp:attachment":[{"href":"https:\/\/www.fila.it\/ch\/de\/wp-json\/wp\/v2\/media?parent=28854"}],"wp:term":[{"taxonomy":"product_cat","embeddable":true,"href":"https:\/\/www.fila.it\/ch\/de\/wp-json\/wp\/v2\/product_cat?post=28854"},{"taxonomy":"product_tag","embeddable":true,"href":"https:\/\/www.fila.it\/ch\/de\/wp-json\/wp\/v2\/product_tag?post=28854"}],"curies":[{"name":"wp","href":"https:\/\/api.w.org\/{rel}","templated":true}]}}