{"id":28861,"date":"2018-06-20T09:03:51","date_gmt":"2018-06-20T08:04:06","guid":{"rendered":"https:\/\/www.fila.it\/ch\/product\/lyra-polycrayons-soft\/"},"modified":"2018-07-16T14:01:57","modified_gmt":"2018-07-16T12:01:57","slug":"lyra-polycrayons-soft","status":"publish","type":"product","link":"https:\/\/www.fila.it\/ch\/de\/product\/lyra-polycrayons-soft\/","title":{"rendered":"LYRA Polycrayons Soft"},"content":{"rendered":"<p>Die LYRA Polycrayons Soft sind wunderbare, weiche Pastellkreiden, die durch ihre Qualit\u00e4t und Farbintensit\u00e4t \u00fcberzeugen. Die Pastellkreiden sind quadratisch und sorgen mit ihrer hohen Pigmentdichte f\u00fcr einmalige Ergebnisse! Die LYRA Polycrayons Soft eignen sich perfekt zum Verblenden. Zus\u00e4tzlich sind die Farben lichtbest\u00e4ndig, bleichen nicht aus und sind stark deckend.<\/p>\n","protected":false},"excerpt":{"rendered":"<p>LYRA Polycrayons Soft &#8211; f\u00fcr K\u00fcnstler, die weiche Pastellkreiden lieben!<\/p>\n","protected":false},"featured_media":29534,"comment_status":"closed","ping_status":"open","template":"","meta":[],"product_cat":[4987],"product_tag":[4998,4842,4988],"acf":[],"_links":{"self":[{"href":"https:\/\/www.fila.it\/ch\/de\/wp-json\/wp\/v2\/product\/28861"}],"collection":[{"href":"https:\/\/www.fila.it\/ch\/de\/wp-json\/wp\/v2\/product"}],"about":[{"href":"https:\/\/www.fila.it\/ch\/de\/wp-json\/wp\/v2\/types\/product"}],"replies":[{"embeddable":true,"href":"https:\/\/www.fila.it\/ch\/de\/wp-json\/wp\/v2\/comments?post=28861"}],"wp:featuredmedia":[{"embeddable":true,"href":"https:\/\/www.fila.it\/ch\/de\/wp-json\/wp\/v2\/media\/29534"}],"wp:attachment":[{"href":"https:\/\/www.fila.it\/ch\/de\/wp-json\/wp\/v2\/media?parent=28861"}],"wp:term":[{"taxonomy":"product_cat","embeddable":true,"href":"https:\/\/www.fila.it\/ch\/de\/wp-json\/wp\/v2\/product_cat?post=28861"},{"taxonomy":"product_tag","embeddable":true,"href":"https:\/\/www.fila.it\/ch\/de\/wp-json\/wp\/v2\/product_tag?post=28861"}],"curies":[{"name":"wp","href":"https:\/\/api.w.org\/{rel}","templated":true}]}}