{"id":28864,"date":"2018-06-20T09:03:51","date_gmt":"2018-06-20T08:04:06","guid":{"rendered":"https:\/\/www.fila.it\/ch\/product\/lyra-rembrandt-art-design\/"},"modified":"2018-07-16T14:04:22","modified_gmt":"2018-07-16T12:04:22","slug":"lyra-rembrandt-art-design","status":"publish","type":"product","link":"https:\/\/www.fila.it\/ch\/de\/product\/lyra-rembrandt-art-design\/","title":{"rendered":"LYRA Rembrandt Art Design"},"content":{"rendered":"<p>Wer einmal mit den LYRA Rembrandt Art Design Graphitstiften gezeichnet hat, m\u00f6chte sie nicht mehr hergeben! Diese besonders hochwertigen Bleistifte sind ideal f\u00fcr Licht- und Schattenspiele, Hell-Dunkel-Kontraste, f\u00fcr Illustrationen und Zeichnungen im Vintage-Look. Die LYRA Art Design Bleistifte sind in reines Zedernholz mit einer extrafeinen und haltbaren Graphitmine eingeschlossen.  Art Design Stifte bieten alles, was K\u00fcnstler zum Schattieren oder f\u00fcr technische Zeichnungen ben\u00f6tigen.<\/p>\n","protected":false},"excerpt":{"rendered":"<p>LYRA Rembrandt Art Design \u2013 professionelle Graphitstifte<\/p>\n","protected":false},"featured_media":26848,"comment_status":"closed","ping_status":"open","template":"","meta":[],"product_cat":[4987],"product_tag":[5030,4988,5002],"acf":[],"_links":{"self":[{"href":"https:\/\/www.fila.it\/ch\/de\/wp-json\/wp\/v2\/product\/28864"}],"collection":[{"href":"https:\/\/www.fila.it\/ch\/de\/wp-json\/wp\/v2\/product"}],"about":[{"href":"https:\/\/www.fila.it\/ch\/de\/wp-json\/wp\/v2\/types\/product"}],"replies":[{"embeddable":true,"href":"https:\/\/www.fila.it\/ch\/de\/wp-json\/wp\/v2\/comments?post=28864"}],"wp:featuredmedia":[{"embeddable":true,"href":"https:\/\/www.fila.it\/ch\/de\/wp-json\/wp\/v2\/media\/26848"}],"wp:attachment":[{"href":"https:\/\/www.fila.it\/ch\/de\/wp-json\/wp\/v2\/media?parent=28864"}],"wp:term":[{"taxonomy":"product_cat","embeddable":true,"href":"https:\/\/www.fila.it\/ch\/de\/wp-json\/wp\/v2\/product_cat?post=28864"},{"taxonomy":"product_tag","embeddable":true,"href":"https:\/\/www.fila.it\/ch\/de\/wp-json\/wp\/v2\/product_tag?post=28864"}],"curies":[{"name":"wp","href":"https:\/\/api.w.org\/{rel}","templated":true}]}}