{"id":28872,"date":"2018-06-20T09:03:51","date_gmt":"2018-06-20T08:04:06","guid":{"rendered":"https:\/\/www.fila.it\/ch\/product\/lyra-rembrandt-polycolor-set\/"},"modified":"2018-08-01T18:42:32","modified_gmt":"2018-08-01T16:42:32","slug":"lyra-rembrandt-polycolor-set","status":"publish","type":"product","link":"https:\/\/www.fila.it\/ch\/de\/product\/lyra-rembrandt-polycolor-set\/","title":{"rendered":"LYRA Rembrandt Polycolor Set"},"content":{"rendered":"<p>Die LYRA Rembrandt Polycolor Stifte erzielen hervorragende Ergebnisse auf allen Oberfl\u00e4chen, besonders auf raueren Oberfl\u00e4chentexturen, die Pigmente gut aufnehmen. Diese Farbstifte sind ideal f\u00fcr den k\u00fcnstlerischen Gebrauch und bestechen durch ihre brillanten, lebendigen Farben, die wasser- und lichtbest\u00e4ndig sind. Hergestellt werden die runden Buntstifte aus hochwertigem, PEFC-zertifiziertem Zedernholz und enthalten 4 mm starke Minen f\u00fcr ein perfektes Ergebnis.<\/p>\n","protected":false},"excerpt":{"rendered":"<p>LYRA Rembrandt Polycolor \u2013 Farbstifte f\u00fcr professionelle K\u00fcnstler<\/p>\n","protected":false},"featured_media":26863,"comment_status":"closed","ping_status":"open","template":"","meta":[],"product_cat":[4987],"product_tag":[4998,4988],"acf":[],"_links":{"self":[{"href":"https:\/\/www.fila.it\/ch\/de\/wp-json\/wp\/v2\/product\/28872"}],"collection":[{"href":"https:\/\/www.fila.it\/ch\/de\/wp-json\/wp\/v2\/product"}],"about":[{"href":"https:\/\/www.fila.it\/ch\/de\/wp-json\/wp\/v2\/types\/product"}],"replies":[{"embeddable":true,"href":"https:\/\/www.fila.it\/ch\/de\/wp-json\/wp\/v2\/comments?post=28872"}],"wp:featuredmedia":[{"embeddable":true,"href":"https:\/\/www.fila.it\/ch\/de\/wp-json\/wp\/v2\/media\/26863"}],"wp:attachment":[{"href":"https:\/\/www.fila.it\/ch\/de\/wp-json\/wp\/v2\/media?parent=28872"}],"wp:term":[{"taxonomy":"product_cat","embeddable":true,"href":"https:\/\/www.fila.it\/ch\/de\/wp-json\/wp\/v2\/product_cat?post=28872"},{"taxonomy":"product_tag","embeddable":true,"href":"https:\/\/www.fila.it\/ch\/de\/wp-json\/wp\/v2\/product_tag?post=28872"}],"curies":[{"name":"wp","href":"https:\/\/api.w.org\/{rel}","templated":true}]}}