{"id":28881,"date":"2018-06-20T09:04:18","date_gmt":"2018-06-20T08:04:34","guid":{"rendered":"https:\/\/www.fila.it\/ch\/product\/giotto-make-up-schminkstifte-basic\/"},"modified":"2018-07-16T12:33:16","modified_gmt":"2018-07-16T10:33:16","slug":"giotto-make-up-schminkstifte-basic","status":"publish","type":"product","link":"https:\/\/www.fila.it\/ch\/de\/product\/giotto-make-up-schminkstifte-basic\/","title":{"rendered":"GIOTTO Make-Up Schminkstifte Basic"},"content":{"rendered":"<p>Karneval? Themenwochen in der Schule? Workshops? Oder einfach nur kreative Stunden in der Schule oder zu Hause? Mit dem GIOTTO Make-up lassen sich wunderbare Kunstwerke im Gesicht und auf dem K\u00f6rper erschaffen. Fr\u00f6hliche Farben mit hoher Deckkraft und Leuchtkraft bringen die kleinen Kreativen zum Strahlen. Das GIOTTO Make-up ist sehr weich und wurde speziell f\u00fcr die kreative Gesichtsbemalung entwickelt. Die Stifte sind benutzerfreundlich und jede Packung enth\u00e4lt eine kurze Schritt-f\u00fcr-Schritt-Anleitung.  Die extra starke Mine ist mit 6,25 mm besonders robust und langlebig und erm\u00f6glicht, schnell gro\u00dfe Bereiche des Gesichts mit Farbe zu schminken.  Das Make-up von GIOTTO ist dermatologisch getestet und glutenfrei. Es kann einfach mit Wasser und neutraler Seife abgewaschen oder mit Abschminkt\u00fcchern entfernt werden.<\/p>\n","protected":false},"excerpt":{"rendered":"<p>GIOTTO Make-up \u2013 f\u00fcr bezaubernde Verwandlungen<\/p>\n","protected":false},"featured_media":29475,"comment_status":"closed","ping_status":"open","template":"","meta":[],"product_cat":[4796],"product_tag":[4807,4797,4809],"acf":[],"_links":{"self":[{"href":"https:\/\/www.fila.it\/ch\/de\/wp-json\/wp\/v2\/product\/28881"}],"collection":[{"href":"https:\/\/www.fila.it\/ch\/de\/wp-json\/wp\/v2\/product"}],"about":[{"href":"https:\/\/www.fila.it\/ch\/de\/wp-json\/wp\/v2\/types\/product"}],"replies":[{"embeddable":true,"href":"https:\/\/www.fila.it\/ch\/de\/wp-json\/wp\/v2\/comments?post=28881"}],"wp:featuredmedia":[{"embeddable":true,"href":"https:\/\/www.fila.it\/ch\/de\/wp-json\/wp\/v2\/media\/29475"}],"wp:attachment":[{"href":"https:\/\/www.fila.it\/ch\/de\/wp-json\/wp\/v2\/media?parent=28881"}],"wp:term":[{"taxonomy":"product_cat","embeddable":true,"href":"https:\/\/www.fila.it\/ch\/de\/wp-json\/wp\/v2\/product_cat?post=28881"},{"taxonomy":"product_tag","embeddable":true,"href":"https:\/\/www.fila.it\/ch\/de\/wp-json\/wp\/v2\/product_tag?post=28881"}],"curies":[{"name":"wp","href":"https:\/\/api.w.org\/{rel}","templated":true}]}}