{"id":28882,"date":"2018-06-20T09:04:18","date_gmt":"2018-06-20T08:04:34","guid":{"rendered":"https:\/\/www.fila.it\/ch\/product\/giotto-make-up-schminkstifte-glamour\/"},"modified":"2018-07-16T12:33:35","modified_gmt":"2018-07-16T10:33:35","slug":"giotto-make-up-schminkstifte-glamour","status":"publish","type":"product","link":"https:\/\/www.fila.it\/ch\/de\/product\/giotto-make-up-schminkstifte-glamour\/","title":{"rendered":"GIOTTO Make-Up Schminkstifte Glamour"},"content":{"rendered":"<p>Mit dem GIOTTO Make-up macht das Schminken Spa\u00df! Die GIOTTO Stifte verwandeln das Gesicht in eine Maske aus fr\u00f6hlichen und ausdruckstarken glamour Farben. Die Make-up Stifte von GIOTTO sind besonders weich und wurden speziell f\u00fcr die kreative Gesichtsbemalung entwickelt. Alle Stifte sind sehr einfach zu verwenden und jede Packung enth\u00e4lt eine kurze Schritt-f\u00fcr-Schritt-Anleitung. Mit der extra starken Mine 6,25 mm lassen sich schnell gro\u00dfe Bereiche des Gesichts mit Farbe schminken. Dabei \u00fcberzeugt die hochwertige GIOTTO-Mine mit ihrer Qualit\u00e4t und Langlebigkeit. Das Make-up von GIOTTO ist dermatologisch getestet und glutenfrei.  Das Make-up kann einfach mit warmen Wasser und neutraler Seife oder mit Abschminkt\u00fcchern entfernt werden.<\/p>\n","protected":false},"excerpt":{"rendered":"<p>Glamour\u00f6ses Make-up gef\u00e4llig? Mit dem GIOTTO Make-up ist alles m\u00f6glich!<\/p>\n","protected":false},"featured_media":29476,"comment_status":"closed","ping_status":"open","template":"","meta":[],"product_cat":[4796],"product_tag":[4807,4797,4809],"acf":[],"_links":{"self":[{"href":"https:\/\/www.fila.it\/ch\/de\/wp-json\/wp\/v2\/product\/28882"}],"collection":[{"href":"https:\/\/www.fila.it\/ch\/de\/wp-json\/wp\/v2\/product"}],"about":[{"href":"https:\/\/www.fila.it\/ch\/de\/wp-json\/wp\/v2\/types\/product"}],"replies":[{"embeddable":true,"href":"https:\/\/www.fila.it\/ch\/de\/wp-json\/wp\/v2\/comments?post=28882"}],"wp:featuredmedia":[{"embeddable":true,"href":"https:\/\/www.fila.it\/ch\/de\/wp-json\/wp\/v2\/media\/29476"}],"wp:attachment":[{"href":"https:\/\/www.fila.it\/ch\/de\/wp-json\/wp\/v2\/media?parent=28882"}],"wp:term":[{"taxonomy":"product_cat","embeddable":true,"href":"https:\/\/www.fila.it\/ch\/de\/wp-json\/wp\/v2\/product_cat?post=28882"},{"taxonomy":"product_tag","embeddable":true,"href":"https:\/\/www.fila.it\/ch\/de\/wp-json\/wp\/v2\/product_tag?post=28882"}],"curies":[{"name":"wp","href":"https:\/\/api.w.org\/{rel}","templated":true}]}}