{"id":28911,"date":"2018-06-20T09:04:47","date_gmt":"2018-06-20T08:05:04","guid":{"rendered":"https:\/\/www.fila.it\/ch\/product\/das-junior\/"},"modified":"2018-07-11T18:30:06","modified_gmt":"2018-07-11T16:30:06","slug":"das-junior","status":"publish","type":"product","link":"https:\/\/www.fila.it\/ch\/de\/product\/das-junior\/","title":{"rendered":"DAS Junior"},"content":{"rendered":"<p>Die DAS Junior Modelliermasse auf Mineralbasis ist glutenfrei, weich und gebrauchsfertig: ideal f\u00fcr den Einsatz in der Schule oder f\u00fcr das Basteln Zuhause f\u00fcr Kinder ab 3 Jahren. Die 10 verschiedenen Farben ver\u00e4ndern auch nach dem Trocknen ihre Farbe nicht und k\u00f6nnen zu unendlich vielen Farbt\u00f6nen vermischt werden.   Die Junior Modelliermasse von DAS ist lufth\u00e4rtend, sodass kein Brennen n\u00f6tig ist und die Kinder ohne viel Hilfe Ihrer Kreativit\u00e4t freien Lauf lassen k\u00f6nnen. Die DAS Junior Modelliermasse hinterl\u00e4sst keine Flecken und kann mit Wasser und Seife einfach von den H\u00e4nden abgewaschen werden. Auch die meisten Stoffe lassen sich bei 40 \u00b0 in der Waschmaschine reinigen.<\/p>\n","protected":false},"excerpt":{"rendered":"<p>Mit DAS Junior nehmen kreative Kinderideen in der Schule Gestalt an.<\/p>\n","protected":false},"featured_media":26922,"comment_status":"closed","ping_status":"open","template":"","meta":[],"product_cat":[4802],"product_tag":[4803,4820,4819],"acf":[],"_links":{"self":[{"href":"https:\/\/www.fila.it\/ch\/de\/wp-json\/wp\/v2\/product\/28911"}],"collection":[{"href":"https:\/\/www.fila.it\/ch\/de\/wp-json\/wp\/v2\/product"}],"about":[{"href":"https:\/\/www.fila.it\/ch\/de\/wp-json\/wp\/v2\/types\/product"}],"replies":[{"embeddable":true,"href":"https:\/\/www.fila.it\/ch\/de\/wp-json\/wp\/v2\/comments?post=28911"}],"wp:featuredmedia":[{"embeddable":true,"href":"https:\/\/www.fila.it\/ch\/de\/wp-json\/wp\/v2\/media\/26922"}],"wp:attachment":[{"href":"https:\/\/www.fila.it\/ch\/de\/wp-json\/wp\/v2\/media?parent=28911"}],"wp:term":[{"taxonomy":"product_cat","embeddable":true,"href":"https:\/\/www.fila.it\/ch\/de\/wp-json\/wp\/v2\/product_cat?post=28911"},{"taxonomy":"product_tag","embeddable":true,"href":"https:\/\/www.fila.it\/ch\/de\/wp-json\/wp\/v2\/product_tag?post=28911"}],"curies":[{"name":"wp","href":"https:\/\/api.w.org\/{rel}","templated":true}]}}