{"id":28923,"date":"2018-06-20T09:05:16","date_gmt":"2018-06-20T08:05:36","guid":{"rendered":"https:\/\/www.fila.it\/ch\/product\/lyra-graduate-aquarell\/"},"modified":"2018-07-16T12:59:13","modified_gmt":"2018-07-16T10:59:13","slug":"lyra-graduate-aquarell","status":"publish","type":"product","link":"https:\/\/www.fila.it\/ch\/de\/product\/lyra-graduate-aquarell\/","title":{"rendered":"LYRA Graduate Aquarell"},"content":{"rendered":"<p>LYRA Graduate Aquarell sind hochwertige Buntstifte der neuesten Generation. Die d\u00fcnnen Graduate Aquarell Buntstifte mit einer hexagonalen Form zeichnen sich durch ihre robuste 3,3 mm starke Mine aus und eignen sich perfekt f\u00fcr den Einstieg in die professionelle Malerei.  Sie \u00fcberzeugen mit ihren reichhaltigen Farben und lassen sich leicht anspitzen. M\u00f6chte der K\u00fcnstler sein Kunstwerk mit einem einzigartigen Aquarell-Effekt verfeinern, so kann die aufgetragene Farbe einfach mit dem in jedem Etui enthaltenen Pinsel und etwas Wasser vermalt werden.  Alle Stifte werden aus PEFC-zertifiziertem Zedernholz hergestellt.<\/p>\n","protected":false},"excerpt":{"rendered":"<p>LYRA Graduate Aquarell: a world of living colours.<\/p>\n","protected":false},"featured_media":26970,"comment_status":"closed","ping_status":"open","template":"","meta":[],"product_cat":[4796],"product_tag":[4855,4797,5092],"acf":[],"_links":{"self":[{"href":"https:\/\/www.fila.it\/ch\/de\/wp-json\/wp\/v2\/product\/28923"}],"collection":[{"href":"https:\/\/www.fila.it\/ch\/de\/wp-json\/wp\/v2\/product"}],"about":[{"href":"https:\/\/www.fila.it\/ch\/de\/wp-json\/wp\/v2\/types\/product"}],"replies":[{"embeddable":true,"href":"https:\/\/www.fila.it\/ch\/de\/wp-json\/wp\/v2\/comments?post=28923"}],"wp:featuredmedia":[{"embeddable":true,"href":"https:\/\/www.fila.it\/ch\/de\/wp-json\/wp\/v2\/media\/26970"}],"wp:attachment":[{"href":"https:\/\/www.fila.it\/ch\/de\/wp-json\/wp\/v2\/media?parent=28923"}],"wp:term":[{"taxonomy":"product_cat","embeddable":true,"href":"https:\/\/www.fila.it\/ch\/de\/wp-json\/wp\/v2\/product_cat?post=28923"},{"taxonomy":"product_tag","embeddable":true,"href":"https:\/\/www.fila.it\/ch\/de\/wp-json\/wp\/v2\/product_tag?post=28923"}],"curies":[{"name":"wp","href":"https:\/\/api.w.org\/{rel}","templated":true}]}}