{"id":28936,"date":"2018-06-20T09:05:16","date_gmt":"2018-06-20T08:05:36","guid":{"rendered":"https:\/\/www.fila.it\/ch\/product\/lyra-ferby-natur\/"},"modified":"2018-08-01T18:25:19","modified_gmt":"2018-08-01T16:25:19","slug":"lyra-ferby-natur","status":"publish","type":"product","link":"https:\/\/www.fila.it\/ch\/de\/product\/lyra-ferby-natur\/","title":{"rendered":"LYRA Ferby Natur"},"content":{"rendered":"<p>Die LYRA Ferby Natur Buntstifte sind besonders f\u00fcr j\u00fcngere K\u00fcnstler geeignet \u2013 ganz gleich, ob Links- oder Rechtsh\u00e4nder. Der nat\u00fcrliche Buntstift \u00fcberzeugt mit seiner dreieckigen, ergonomischen Form, wodurch auch Kleinkinder schnell den richtigen Dreipunktgriff finden. Die robusten LYRA Ferby Natur Buntstifte haben eine L\u00e4nge von 12 cm, sind 10 mm dick und haben eine extra bruchsichere, pigmentreiche Mine, die einen Durchmesser von 6,3 mm hat.<\/p>\n","protected":false},"excerpt":{"rendered":"<p>LYRA Ferby Natur \u2013 die starken Buntstifte f\u00fcr kleine K\u00fcnstler<\/p>\n","protected":false},"featured_media":27022,"comment_status":"closed","ping_status":"closed","template":"","meta":[],"product_cat":[4796],"product_tag":[4855,4797],"acf":[],"_links":{"self":[{"href":"https:\/\/www.fila.it\/ch\/de\/wp-json\/wp\/v2\/product\/28936"}],"collection":[{"href":"https:\/\/www.fila.it\/ch\/de\/wp-json\/wp\/v2\/product"}],"about":[{"href":"https:\/\/www.fila.it\/ch\/de\/wp-json\/wp\/v2\/types\/product"}],"replies":[{"embeddable":true,"href":"https:\/\/www.fila.it\/ch\/de\/wp-json\/wp\/v2\/comments?post=28936"}],"wp:featuredmedia":[{"embeddable":true,"href":"https:\/\/www.fila.it\/ch\/de\/wp-json\/wp\/v2\/media\/27022"}],"wp:attachment":[{"href":"https:\/\/www.fila.it\/ch\/de\/wp-json\/wp\/v2\/media?parent=28936"}],"wp:term":[{"taxonomy":"product_cat","embeddable":true,"href":"https:\/\/www.fila.it\/ch\/de\/wp-json\/wp\/v2\/product_cat?post=28936"},{"taxonomy":"product_tag","embeddable":true,"href":"https:\/\/www.fila.it\/ch\/de\/wp-json\/wp\/v2\/product_tag?post=28936"}],"curies":[{"name":"wp","href":"https:\/\/api.w.org\/{rel}","templated":true}]}}