{"id":28942,"date":"2018-06-20T09:05:49","date_gmt":"2018-06-20T08:06:08","guid":{"rendered":"https:\/\/www.fila.it\/ch\/product\/lyra-super-ferby-4-color\/"},"modified":"2018-08-01T18:27:12","modified_gmt":"2018-08-01T16:27:12","slug":"lyra-super-ferby-4-color","status":"publish","type":"product","link":"https:\/\/www.fila.it\/ch\/de\/product\/lyra-super-ferby-4-color\/","title":{"rendered":"LYRA Super Ferby 4-Color"},"content":{"rendered":"<p>Lassen sich die strahlenden Farben des Regenbogens in einem Stift einfangen und in einem Zug auf Papier bringen? Was wie ein Traum klingt, wird mit dem LYRA Super Ferby 4-Color Wirklichkeit! Der LYRA Super Ferby 4-Color eignet sich f\u00fcr Links- und Rechtsh\u00e4nder und ist ein ganz besonderer Buntstift in der bew\u00e4hrten Super Ferby Qualit\u00e4t. Seine robuste Mine enth\u00e4lt vier verschiedene Farben (Blau, Gr\u00fcn, Gelb und Rot), die Kinderaugen zum Strahlen bringen. Der vierfarbige Buntstift hat eine dreieckige, ergonomische Form und einen Durchmesser von 10 mm \u2013 ideal f\u00fcr Kleinkinder!<\/p>\n","protected":false},"excerpt":{"rendered":"<p>LYRA Super Ferby 4-Color \u2013 die fantastischen Vier!<\/p>\n","protected":false},"featured_media":27046,"comment_status":"closed","ping_status":"closed","template":"","meta":[],"product_cat":[4796],"product_tag":[4855,4797],"acf":[],"_links":{"self":[{"href":"https:\/\/www.fila.it\/ch\/de\/wp-json\/wp\/v2\/product\/28942"}],"collection":[{"href":"https:\/\/www.fila.it\/ch\/de\/wp-json\/wp\/v2\/product"}],"about":[{"href":"https:\/\/www.fila.it\/ch\/de\/wp-json\/wp\/v2\/types\/product"}],"replies":[{"embeddable":true,"href":"https:\/\/www.fila.it\/ch\/de\/wp-json\/wp\/v2\/comments?post=28942"}],"wp:featuredmedia":[{"embeddable":true,"href":"https:\/\/www.fila.it\/ch\/de\/wp-json\/wp\/v2\/media\/27046"}],"wp:attachment":[{"href":"https:\/\/www.fila.it\/ch\/de\/wp-json\/wp\/v2\/media?parent=28942"}],"wp:term":[{"taxonomy":"product_cat","embeddable":true,"href":"https:\/\/www.fila.it\/ch\/de\/wp-json\/wp\/v2\/product_cat?post=28942"},{"taxonomy":"product_tag","embeddable":true,"href":"https:\/\/www.fila.it\/ch\/de\/wp-json\/wp\/v2\/product_tag?post=28942"}],"curies":[{"name":"wp","href":"https:\/\/api.w.org\/{rel}","templated":true}]}}