{"id":28974,"date":"2018-06-20T09:06:18","date_gmt":"2018-06-20T08:06:38","guid":{"rendered":"https:\/\/www.fila.it\/ch\/product\/das-metallwerkzeuge\/"},"modified":"2018-07-11T18:20:22","modified_gmt":"2018-07-11T16:20:22","slug":"das-metallwerkzeuge","status":"publish","type":"product","link":"https:\/\/www.fila.it\/ch\/de\/product\/das-metallwerkzeuge\/","title":{"rendered":"DAS Metallwerkzeuge"},"content":{"rendered":"<p>Mit dem DAS Stahlspatel lassen sich nach Herzenslust Schnitte, Gravuren und Details mit gro\u00dfer Wirkung erzeugen. Der robuste Stahlspatel mit einem komfortablen Holzgriff \u00fcberzeugt durch seine herausragende Qualit\u00e4t und Langlebigkeit und bringt beste Eigenschaften mit, um kreativen Ideen im Handumdrehen Gestalt zu verleihen.   Der DAS Stahlspatel ist ideal zum Modellieren, Bearbeiten, Ausbessern und Verfeinern von Kunstwerken und ist ein Must-Have f\u00fcr Sch\u00fcler, DIY-Liebhaber und Kreative. Der Spatel wurde speziell f\u00fcr die DAS Produkte konzipiert und ist auf die Eigenschaften der einzelnen Produkte, wie zum Beispiel die Modelliermasse, abgestimmt.<\/p>\n","protected":false},"excerpt":{"rendered":"<p>DAS Stahlspatel \u2013 ein Must-Have zum Modellieren!<\/p>\n","protected":false},"featured_media":27174,"comment_status":"closed","ping_status":"open","template":"","meta":[],"product_cat":[4802],"product_tag":[4803,4819,4825],"acf":[],"_links":{"self":[{"href":"https:\/\/www.fila.it\/ch\/de\/wp-json\/wp\/v2\/product\/28974"}],"collection":[{"href":"https:\/\/www.fila.it\/ch\/de\/wp-json\/wp\/v2\/product"}],"about":[{"href":"https:\/\/www.fila.it\/ch\/de\/wp-json\/wp\/v2\/types\/product"}],"replies":[{"embeddable":true,"href":"https:\/\/www.fila.it\/ch\/de\/wp-json\/wp\/v2\/comments?post=28974"}],"wp:featuredmedia":[{"embeddable":true,"href":"https:\/\/www.fila.it\/ch\/de\/wp-json\/wp\/v2\/media\/27174"}],"wp:attachment":[{"href":"https:\/\/www.fila.it\/ch\/de\/wp-json\/wp\/v2\/media?parent=28974"}],"wp:term":[{"taxonomy":"product_cat","embeddable":true,"href":"https:\/\/www.fila.it\/ch\/de\/wp-json\/wp\/v2\/product_cat?post=28974"},{"taxonomy":"product_tag","embeddable":true,"href":"https:\/\/www.fila.it\/ch\/de\/wp-json\/wp\/v2\/product_tag?post=28974"}],"curies":[{"name":"wp","href":"https:\/\/api.w.org\/{rel}","templated":true}]}}