{"id":28983,"date":"2018-06-20T09:06:49","date_gmt":"2018-06-20T08:07:10","guid":{"rendered":"https:\/\/www.fila.it\/ch\/product\/lyra-graphite-set\/"},"modified":"2018-08-01T18:46:50","modified_gmt":"2018-08-01T16:46:50","slug":"lyra-graphite-set","status":"publish","type":"product","link":"https:\/\/www.fila.it\/ch\/de\/product\/lyra-graphite-set\/","title":{"rendered":"LYRA Graphite Set"},"content":{"rendered":"<p>Das LYRA Graphite Set enth\u00e4lt eine Auswahl feiner Graphitstifte und Graphitkreiden mit extra bruchsicheren Minen, die speziell f\u00fcr die monochrome Malerei geeignet sind. Dieses Set ist ideal f\u00fcr technische Zeichnungen, grafische Kunst und eignet sich besonders f\u00fcr Zeichnungen, die eine genaue Definition und akkurate Details erfordern.<\/p>\n","protected":false},"excerpt":{"rendered":"<p>LYRA Graphite Set \u2013 f\u00fcr beeindruckende Zeichnungen<\/p>\n","protected":false},"featured_media":29517,"comment_status":"closed","ping_status":"open","template":"","meta":[],"product_cat":[4987],"product_tag":[4988,5002],"acf":[],"_links":{"self":[{"href":"https:\/\/www.fila.it\/ch\/de\/wp-json\/wp\/v2\/product\/28983"}],"collection":[{"href":"https:\/\/www.fila.it\/ch\/de\/wp-json\/wp\/v2\/product"}],"about":[{"href":"https:\/\/www.fila.it\/ch\/de\/wp-json\/wp\/v2\/types\/product"}],"replies":[{"embeddable":true,"href":"https:\/\/www.fila.it\/ch\/de\/wp-json\/wp\/v2\/comments?post=28983"}],"wp:featuredmedia":[{"embeddable":true,"href":"https:\/\/www.fila.it\/ch\/de\/wp-json\/wp\/v2\/media\/29517"}],"wp:attachment":[{"href":"https:\/\/www.fila.it\/ch\/de\/wp-json\/wp\/v2\/media?parent=28983"}],"wp:term":[{"taxonomy":"product_cat","embeddable":true,"href":"https:\/\/www.fila.it\/ch\/de\/wp-json\/wp\/v2\/product_cat?post=28983"},{"taxonomy":"product_tag","embeddable":true,"href":"https:\/\/www.fila.it\/ch\/de\/wp-json\/wp\/v2\/product_tag?post=28983"}],"curies":[{"name":"wp","href":"https:\/\/api.w.org\/{rel}","templated":true}]}}