{"id":30064,"date":"2021-04-26T10:43:26","date_gmt":"2021-04-26T08:44:19","guid":{"rendered":"https:\/\/www.fila.it\/ch\/?post_type=product&#038;p=30064"},"modified":"2021-04-26T10:44:19","modified_gmt":"2021-04-26T08:44:19","slug":"giotto-be-be-fingermalfarben-regenbogenset","status":"publish","type":"product","link":"https:\/\/www.fila.it\/ch\/de\/product\/giotto-be-be-fingermalfarben-regenbogenset\/","title":{"rendered":"GIOTTO be-b\u00e8 Fingermalfarben Regenbogenset &#8211; rot, blau, gelb, gr\u00fcn, pink, lila &#8211; in 750 ml Flaschen"},"content":{"rendered":"<p>Ein neues Bildungsprojekt f\u00fcr Kinderg\u00e4rten, Vorschulen und Schulen:<br \/>\nDie Farbauswahl der neuen GIOTTO be-b\u00e8 Fingermalfarben (6 x 750 ml) und die dazugeh\u00f6rigen Bildungsprogramme wurden von der Universit\u00e4tsdozentin und Farbdesignerin Francesca Valan erstellt und entwickelt.<br \/>\nDie Anleitung kann jeweils \u00fcber den im Set enthaltenen QR-Code heruntergeladen werden. Mit der Farbauswahl des Regenbogen-Sets steht das Malen von harmonischen Formen mit flie\u00dfenden und durchg\u00e4ngigen Bewegungen im Vordergrund. Dazu wurden die Farben des Regenbogens gew\u00e4hlt, die in der Natur f\u00fcr eine in sich geschlossene Harmonie stehen. Die Erfahrung der Finger als Werkzeuge sthet einem haptischen und materiaellen Erlebnis der Fingerfarben gegen\u00fcber. <\/p>\n","protected":false},"excerpt":{"rendered":"<p>Die Farben des Regenbogens auf deinen Fingerspitzen.<\/p>\n","protected":false},"featured_media":30036,"comment_status":"closed","ping_status":"closed","template":"","meta":[],"product_cat":[4796],"product_tag":[4898,4797,4856],"acf":[],"_links":{"self":[{"href":"https:\/\/www.fila.it\/ch\/de\/wp-json\/wp\/v2\/product\/30064"}],"collection":[{"href":"https:\/\/www.fila.it\/ch\/de\/wp-json\/wp\/v2\/product"}],"about":[{"href":"https:\/\/www.fila.it\/ch\/de\/wp-json\/wp\/v2\/types\/product"}],"replies":[{"embeddable":true,"href":"https:\/\/www.fila.it\/ch\/de\/wp-json\/wp\/v2\/comments?post=30064"}],"wp:featuredmedia":[{"embeddable":true,"href":"https:\/\/www.fila.it\/ch\/de\/wp-json\/wp\/v2\/media\/30036"}],"wp:attachment":[{"href":"https:\/\/www.fila.it\/ch\/de\/wp-json\/wp\/v2\/media?parent=30064"}],"wp:term":[{"taxonomy":"product_cat","embeddable":true,"href":"https:\/\/www.fila.it\/ch\/de\/wp-json\/wp\/v2\/product_cat?post=30064"},{"taxonomy":"product_tag","embeddable":true,"href":"https:\/\/www.fila.it\/ch\/de\/wp-json\/wp\/v2\/product_tag?post=30064"}],"curies":[{"name":"wp","href":"https:\/\/api.w.org\/{rel}","templated":true}]}}