{"id":30065,"date":"2021-04-26T10:43:28","date_gmt":"2021-04-26T08:44:21","guid":{"rendered":"https:\/\/www.fila.it\/ch\/?post_type=product&#038;p=30065"},"modified":"2021-04-26T10:44:22","modified_gmt":"2021-04-26T08:44:22","slug":"fingermalfarben-grundfarben-mix-set","status":"publish","type":"product","link":"https:\/\/www.fila.it\/ch\/de\/product\/fingermalfarben-grundfarben-mix-set\/","title":{"rendered":"Fingermalfarben Grundfarben Mix-Set &#8211; wei\u00df, schwarz, gelb, rot, gr\u00fcn blau &#8211; in 750 ml Flaschen"},"content":{"rendered":"<p>Ein neues Bildungsprojekt f\u00fcr Kinderg\u00e4rten, Vorschulen und Schulen:<br \/>\nDie Farbauswahl der neuen GIOTTO be-b\u00e8 Fingermalfarben (6 x 750 ml) und die dazugeh\u00f6rigen Bildungsprogramme wurden von der Universit\u00e4tsdozentin und Farbdesignerin Francesca Valan erstellt und entwickelt.<br \/>\nDie Anleitung kann jeweils \u00fcber den im Set enthaltenen QR-Code heruntergeladen werden. Die Farbauswahl des Grundfarben Mix-Sets vermittelt die Farbdimensionen und erweitert die wahrgenommene Farbpalette. Vermischt man die Farbt\u00f6ne Wei\u00df, Gelb, Rot, Gr\u00fcn, Blau und Schwarz des Sets, entstehen Farbverl\u00e4uf, die zum Experimentieren mit den drei Farbspektren einladen.<\/p>\n","protected":false},"excerpt":{"rendered":"<p>Wundervolle Farbkombinationen auf deinen Fingerspitzen<\/p>\n","protected":false},"featured_media":30028,"comment_status":"closed","ping_status":"closed","template":"","meta":[],"product_cat":[4796],"product_tag":[4898,4797,4856],"acf":[],"_links":{"self":[{"href":"https:\/\/www.fila.it\/ch\/de\/wp-json\/wp\/v2\/product\/30065"}],"collection":[{"href":"https:\/\/www.fila.it\/ch\/de\/wp-json\/wp\/v2\/product"}],"about":[{"href":"https:\/\/www.fila.it\/ch\/de\/wp-json\/wp\/v2\/types\/product"}],"replies":[{"embeddable":true,"href":"https:\/\/www.fila.it\/ch\/de\/wp-json\/wp\/v2\/comments?post=30065"}],"wp:featuredmedia":[{"embeddable":true,"href":"https:\/\/www.fila.it\/ch\/de\/wp-json\/wp\/v2\/media\/30028"}],"wp:attachment":[{"href":"https:\/\/www.fila.it\/ch\/de\/wp-json\/wp\/v2\/media?parent=30065"}],"wp:term":[{"taxonomy":"product_cat","embeddable":true,"href":"https:\/\/www.fila.it\/ch\/de\/wp-json\/wp\/v2\/product_cat?post=30065"},{"taxonomy":"product_tag","embeddable":true,"href":"https:\/\/www.fila.it\/ch\/de\/wp-json\/wp\/v2\/product_tag?post=30065"}],"curies":[{"name":"wp","href":"https:\/\/api.w.org\/{rel}","templated":true}]}}