{"id":26509,"date":"2017-03-15T15:23:38","date_gmt":"2017-03-15T14:23:38","guid":{"rendered":"https:\/\/www.fila.it\/ch\/legal-disclaimer-and-privacy\/"},"modified":"2018-06-26T14:30:31","modified_gmt":"2018-06-26T12:30:31","slug":"legal-disclaimer-and-privacy","status":"publish","type":"page","link":"https:\/\/www.fila.it\/ch\/fr\/legal-disclaimer-and-privacy\/","title":{"rendered":"Mentions l\u00e9gales"},"content":{"rendered":"<p><strong>INFORMATIONS SUR L\u2019ENTREPRISE<\/strong><\/p>\n<p>Fila Art Products AG &#8211; A FILA Group Company<br \/>\nSchwimmbadstrasse 45, CH-5430 Wettingen, Switzerland<br \/>\nFon: ++41 (0) 56 430 04 66 &#8211; Fax: ++41 (0) 56 430 19 15<br \/>\ninfo@fila-ap.ch &#8211; www.fila-ap.ch<\/p>\n<p>&nbsp;<\/p>\n<p><strong>Si\u00e8ge mondial de Fila<\/strong><\/p>\n<p><strong>F.I.L.A. \u2013 Fabbrica Italiana Lapis ed Affini S.p.A<\/strong><br \/>\n5 Via XXV Aprile &#8211; 20016 Pero (MI) &#8211; Italie<br \/>\nN \u00ba TVA : 08391050963<br \/>\nN \u00b0 TVA international : 08391050963<br \/>\nE-mail : fila@fila.it \u2013 \u200b\u200bSite Internet : fila.it<br \/>\nCapital social enti\u00e8rement lib\u00e9r\u00e9 37 261 143,00 euros<br \/>\nChambre de commerce de Milan<br \/>\nEnregistr\u00e9 avec num\u00e9ro R\u00e9pertoire Economique Administratif de Milan : 2022589<\/p>\n<p>Gestion et contr\u00f4le selon l&#8217;article 2497 bis du Code Civil : l\u2019entreprise n&#8217;est pas consid\u00e9r\u00e9e comme g\u00e9r\u00e9e et contr\u00f4l\u00e9e par la maison m\u00e8re Pencil S.p.A conform\u00e9ment \u00e0 l&#8217;article 2497 bis du Code Civil.<\/p>\n<p><strong>DROITS D\u2019AUTEUR ET MARQUES D\u00c9POS\u00c9ES<\/strong><\/p>\n<p>Le site Internet fila.it (\u00ab site Internet \u00bb) est la propri\u00e9t\u00e9 exclusive de F.I.L.A. Fabbrica Italiana Lapis ed Affini S.p.A. (\u00ab\u00a0F.I.L.A.\u00a0\u00bb). Il a \u00e9t\u00e9 cr\u00e9\u00e9 \u00e0 des fins de diffusion, de communication et de divertissement et est mis \u00e0 la disposition des utilisateurs \u00e0 des fins personnelles et non commerciales.<\/p>\n<p>La marque F.I.LA., les marques du produit et les promotions F.I.L.A. communiqu\u00e9es sur les pages du site Internet (y compris les logos de l\u2019entreprise) et tous les autres signes et slogans d\u00e9nominatifs et repr\u00e9sentatifs (\u00ab marques F.I.LA. \u00bb) sont la propri\u00e9t\u00e9 exclusive de F.I.LA. Toute utilisation ou reproduction \u00e0 quelque fin que ce soit, ou par tout moyen, est express\u00e9ment et enti\u00e8rement interdite et sera poursuivie par F.I.LA. conform\u00e9ment \u00e0 la loi en vigueur.<\/p>\n<p>Les marques, les logos et les signes de tiers reproduits sur le site Internet sont la propri\u00e9t\u00e9 exclusive des d\u00e9tenteurs respectifs, qui en ont autoris\u00e9 l&#8217;utilisation : toute reproduction est interdite.<\/p>\n<p>Les pages Internet du site Internet et les contenus pr\u00e9sents sur ces pages (y compris, \u00e0 titre indicatif et non exhaustif, les textes, les images, les graphiques, les sons) sont prot\u00e9g\u00e9s par les droits d&#8217;auteur de F.I.LA. et incluent des \u00e9l\u00e9ments dont l&#8217;utilisation est d\u00fbment autoris\u00e9e. Par cons\u00e9quent, toute reproduction, duplication, publication et transmission de ces pages et de ces contenus (en totalit\u00e9 ou en partie) quelle qu&#8217;en soit la forme et par quelque moyen que ce soit, est interdite.<\/p>\n<p>Aucune reproduction du site Internet ou de ses parties constituantes ne peut \u00eatre vendue ou distribu\u00e9e \u00e0 des fins commerciales.<\/p>\n<p>Le t\u00e9l\u00e9chargement de mat\u00e9riel pr\u00e9sent sur le site Internet n&#8217;est possible que s&#8217;il est express\u00e9ment autoris\u00e9 par une indication appropri\u00e9e sur les pages du site Internet. Cette autorisation concerne exclusivement l&#8217;utilisation personnelle et non commerciale du mat\u00e9riel t\u00e9l\u00e9charg\u00e9. Toute autre forme d&#8217;utilisation est strictement interdite. Aucun des contenus pr\u00e9sents sur le site Internet ne peut et ne doit \u00eatre interpr\u00e9t\u00e9 comme une licence expresse ou tacite en faveur de tiers pour utiliser les marques, les textes, les images, les graphiques, les sons ou tout autre \u00e9l\u00e9ment de F.I.L.A. soumis au droit d&#8217;auteur selon les paragraphes pr\u00e9c\u00e9dents.<\/p>\n<p>Tout envoi de mat\u00e9riel pr\u00e9sent sur le site Internet de la part des utilisateurs est r\u00e9gi par des articles sp\u00e9cifiques du r\u00e8glement \u00e9tablissant les conditions d&#8217;envoi du mat\u00e9riel et auxquels il convient de se r\u00e9f\u00e9rer. Avant tout envoi, l\u2019utilisateur doit lire attentivement le r\u00e8glement en vigueur.<\/p>\n<p>F.I.L.A. op\u00e8re avec la plus grande diligence afin de s\u00e9lectionner et de mettre \u00e0 jour les contenus du site Internet. Dans tous les cas, F.I.L.A. d\u00e9cline toute responsabilit\u00e9 si les informations communiqu\u00e9es sont incompl\u00e8tes ou contiennent des erreurs de quelque nature qu\u2019elles soient.<\/p>\n<p>F.I.L.A. d\u00e9cline toute responsabilit\u00e9 pour tout dommage aux utilisateurs et \u00e0 leurs biens \u00e0 la suite de l&#8217;acc\u00e8s au site Internet, \u00e0 l&#8217;impossibilit\u00e9 d&#8217;acc\u00e9der au site Internet et \u00e0 t\u00e9l\u00e9charger le mat\u00e9riel pr\u00e9sent sur le site Internet, le cas \u00e9ch\u00e9ant, y compris les dommages aux \u00e9quipements informatiques des utilisateurs caus\u00e9s par des virus.<\/p>\n<p><strong>S\u00c9CURIT\u00c9<\/strong><\/p>\n<p>F.I.L.A. examine attentivement ce site Internet et tous les sites Internet qui lui sont rattach\u00e9s. Par cons\u00e9quent, aucun contenu susceptible d&#8217;\u00eatre pr\u00e9judiciable aux enfants, n\u2019est pr\u00e9sent. Les produits annonc\u00e9s ne peuvent \u00eatre achet\u00e9s directement sur le site Internet.<\/p>\n<p>Dans tous les cas, F.I.LA. est responsable uniquement et exclusivement des contenus de ses sites Internet. Il ne peut \u00eatre retenu responsable des contenus des sites Internet des tiers dont un lien autoris\u00e9 existe sur le site Internet de F.I.L.A. \u00e9tant donn\u00e9 que l\u2019entreprise n&#8217;exerce aucun contr\u00f4le sur les sites Internet des tiers.<\/p>\n<p>&nbsp;<\/p>\n<p><strong><u><a href=\"https:\/\/www.fila.it\/ch\/fr\/privacy-policy\/\">Politique de confidentialit\u00e9<\/a><\/u><\/strong><\/p>\n<p><strong><u><a href=\"https:\/\/www.fila.it\/ch\/fr\/cookies-policy-regarding-website-visitors\/\">Politique en mati\u00e8re de Cookies concernant les visiteurs du site<\/a><\/u><\/strong><\/p>\n<p><strong><u><a href=\"https:\/\/www.fila.it\/ch\/fr\/newsletter-subscription\/\">Inscriptions \u00e0 la newsletter<\/a><\/u><\/strong><\/p>\n<p><strong><u><a href=\"https:\/\/www.fila.it\/ch\/fr\/general-informative-notice-on-the-processing-of-customer-supplier-data\/\">Note informative g\u00e9n\u00e9rale concernant le traitement des donn\u00e9es relatives aux clients et aux fournisseur<\/a><\/u><\/strong><\/p>\n<p><strong><u><a href=\"https:\/\/www.fila.it\/ch\/fr\/terms-and-conditions-for-content-upload\/\">T\u00e9l\u00e9chargements et contenus envoy\u00e9s l\u2019utilisateur<\/a><\/u><\/strong><\/p>\n<p>&nbsp;<\/p>\n","protected":false},"excerpt":{"rendered":"<p>INFORMATIONS SUR L\u2019ENTREPRISE Fila Art Products AG &#8211; A FILA Group Company Schwimmbadstrasse 45, CH-5430 Wettingen, Switzerland Fon: ++41 (0) 56 430 04 66 &#8211; Fax: ++41 (0) 56 430 19 15 info@fila-ap.ch &#8211; www.fila-ap.ch &nbsp; Si\u00e8ge mondial de Fila &hellip; <a href=\"https:\/\/www.fila.it\/ch\/fr\/legal-disclaimer-and-privacy\/\">Suite<\/a><\/p>\n","protected":false},"author":4,"featured_media":0,"parent":0,"menu_order":0,"comment_status":"closed","ping_status":"closed","template":"","meta":[],"acf":[],"_links":{"self":[{"href":"https:\/\/www.fila.it\/ch\/fr\/wp-json\/wp\/v2\/pages\/26509"}],"collection":[{"href":"https:\/\/www.fila.it\/ch\/fr\/wp-json\/wp\/v2\/pages"}],"about":[{"href":"https:\/\/www.fila.it\/ch\/fr\/wp-json\/wp\/v2\/types\/page"}],"author":[{"embeddable":true,"href":"https:\/\/www.fila.it\/ch\/fr\/wp-json\/wp\/v2\/users\/4"}],"replies":[{"embeddable":true,"href":"https:\/\/www.fila.it\/ch\/fr\/wp-json\/wp\/v2\/comments?post=26509"}],"version-history":[{"count":3,"href":"https:\/\/www.fila.it\/ch\/fr\/wp-json\/wp\/v2\/pages\/26509\/revisions"}],"predecessor-version":[{"id":29043,"href":"https:\/\/www.fila.it\/ch\/fr\/wp-json\/wp\/v2\/pages\/26509\/revisions\/29043"}],"wp:attachment":[{"href":"https:\/\/www.fila.it\/ch\/fr\/wp-json\/wp\/v2\/media?parent=26509"}],"curies":[{"name":"wp","href":"https:\/\/api.w.org\/{rel}","templated":true}]}}