{"id":29164,"date":"2018-07-02T17:16:34","date_gmt":"2018-07-02T15:16:34","guid":{"rendered":"https:\/\/www.fila.it\/ch\/product\/das-rouleaux-professionnels-2\/"},"modified":"2018-07-02T17:16:34","modified_gmt":"2018-07-02T15:16:34","slug":"das-rouleaux-professionnels-2","status":"publish","type":"product","link":"https:\/\/www.fila.it\/ch\/fr\/product\/das-rouleaux-professionnels-2\/","title":{"rendered":"DAS Rouleaux Professionnels"},"content":{"rendered":"<p>Rouleau professionnel DAS, ajustable \u00e0 l\u2019aide de 3 paires d\u2019anneaux sp\u00e9ciaux qui augmentent le diam\u00e8tre de celui-ci,\u00a0au choix: 2.5 mm, 3.5 mm et 5mm. Il permet d\u2019\u00e9taler la p\u00e2te DAS de 3 \u00e9paisseurs diff\u00e9rentes, toujours parfaites et uniformes. 33 cm de long, tr\u00e8s r\u00e9sistant et fonctionnel gr\u00e2ce \u00e0 son corps en plastique, sans cavit\u00e9 \u00e0 l\u2019int\u00e9rieur du rouleau.<\/p>\n","protected":false},"excerpt":{"rendered":"<p>Tracez le chemin de la cr\u00e9ativit\u00e9 avec le Rouleau DAS.<\/p>\n","protected":false},"featured_media":25441,"comment_status":"closed","ping_status":"open","template":"","meta":[],"product_cat":[5128],"product_tag":[5138,5129,5141],"acf":[],"_links":{"self":[{"href":"https:\/\/www.fila.it\/ch\/fr\/wp-json\/wp\/v2\/product\/29164"}],"collection":[{"href":"https:\/\/www.fila.it\/ch\/fr\/wp-json\/wp\/v2\/product"}],"about":[{"href":"https:\/\/www.fila.it\/ch\/fr\/wp-json\/wp\/v2\/types\/product"}],"replies":[{"embeddable":true,"href":"https:\/\/www.fila.it\/ch\/fr\/wp-json\/wp\/v2\/comments?post=29164"}],"wp:featuredmedia":[{"embeddable":true,"href":"https:\/\/www.fila.it\/ch\/fr\/wp-json\/wp\/v2\/media\/25441"}],"wp:attachment":[{"href":"https:\/\/www.fila.it\/ch\/fr\/wp-json\/wp\/v2\/media?parent=29164"}],"wp:term":[{"taxonomy":"product_cat","embeddable":true,"href":"https:\/\/www.fila.it\/ch\/fr\/wp-json\/wp\/v2\/product_cat?post=29164"},{"taxonomy":"product_tag","embeddable":true,"href":"https:\/\/www.fila.it\/ch\/fr\/wp-json\/wp\/v2\/product_tag?post=29164"}],"curies":[{"name":"wp","href":"https:\/\/api.w.org\/{rel}","templated":true}]}}