{"id":29168,"date":"2018-06-20T09:00:56","date_gmt":"2018-07-02T15:16:44","guid":{"rendered":"https:\/\/www.fila.it\/ch\/product\/giotto-be-be-oeuf-2\/"},"modified":"2018-07-16T11:52:17","modified_gmt":"2018-07-16T09:52:17","slug":"giotto-be-be-oeuf-2","status":"publish","type":"product","link":"https:\/\/www.fila.it\/ch\/fr\/product\/giotto-be-be-oeuf-2\/","title":{"rendered":"Giotto be-b\u00e8 \u0152uf"},"content":{"rendered":"<p>Giotto be-b\u00e8 Oeuf a \u00e9t\u00e9 r\u00e9alis\u00e9 avec des materiaux s\u00fbrs, certifi\u00e9s et sans parties amovibles. Les deux roulettes en-dessous aident le porte-feutre \u00e0 se d\u00e9placer sur la feuille. La main de l&#8217;enfant adh\u00e8re parfaitement \u00e0 sa forme ergonomique ce qui permet de le d\u00e9placer et de tracer des signes qui \u00e9veillent sa curiosit\u00e9 visuelle. Chaque geste est guid\u00e9 par l&#8217;enfant qui suit les marques laiss\u00e9es par le feutre. Cette technique aide l&#8217;enfant \u00e0 coordonner ses mouvements. Il apprend \u00e0 reconnaitre les couleurs et \u00e0 developper sa cr\u00e9ativit\u00e9 en associant l&#8217;activit\u00e9 manuelle et le visuel en total s\u00e9curit\u00e9. Le porte feutre a un design con\u00e7u pour encourager la coordination entre les yeux, la main et les capacit\u00e9s cognitives d\u00e8s 18 mois et plus. Le kit contient un guide d&#8217;information pour les parents et \u00e9ducateurs \u00e0 propos des caract\u00e9ristiques du porte-feutre et l&#8217;utilisation de ce jouet innovant. Le kit contient un porte-feutre et 8 feutres Maxi Giotto be-b\u00e8 ultra-lavables. Test\u00e9s dermatologiquement.<\/p>\n","protected":false},"excerpt":{"rendered":"<p>Stimulez la cr\u00e9ativit\u00e9 avec Giotto Be-b\u00e9 Oeuf!<\/p>\n","protected":false},"featured_media":29422,"comment_status":"closed","ping_status":"open","template":"","meta":[],"product_cat":[5123],"product_tag":[5124,5146,5147],"acf":[],"_links":{"self":[{"href":"https:\/\/www.fila.it\/ch\/fr\/wp-json\/wp\/v2\/product\/29168"}],"collection":[{"href":"https:\/\/www.fila.it\/ch\/fr\/wp-json\/wp\/v2\/product"}],"about":[{"href":"https:\/\/www.fila.it\/ch\/fr\/wp-json\/wp\/v2\/types\/product"}],"replies":[{"embeddable":true,"href":"https:\/\/www.fila.it\/ch\/fr\/wp-json\/wp\/v2\/comments?post=29168"}],"wp:featuredmedia":[{"embeddable":true,"href":"https:\/\/www.fila.it\/ch\/fr\/wp-json\/wp\/v2\/media\/29422"}],"wp:attachment":[{"href":"https:\/\/www.fila.it\/ch\/fr\/wp-json\/wp\/v2\/media?parent=29168"}],"wp:term":[{"taxonomy":"product_cat","embeddable":true,"href":"https:\/\/www.fila.it\/ch\/fr\/wp-json\/wp\/v2\/product_cat?post=29168"},{"taxonomy":"product_tag","embeddable":true,"href":"https:\/\/www.fila.it\/ch\/fr\/wp-json\/wp\/v2\/product_tag?post=29168"}],"curies":[{"name":"wp","href":"https:\/\/api.w.org\/{rel}","templated":true}]}}