{"id":29174,"date":"2018-06-20T09:00:56","date_gmt":"2018-07-02T15:16:59","guid":{"rendered":"https:\/\/www.fila.it\/ch\/product\/giotto-be-be-pate-a-jouer-2\/"},"modified":"2018-07-16T11:59:27","modified_gmt":"2018-07-16T09:59:27","slug":"giotto-be-be-pate-a-jouer-2","status":"publish","type":"product","link":"https:\/\/www.fila.it\/ch\/fr\/product\/giotto-be-be-pate-a-jouer-2\/","title":{"rendered":"Giotto be-b\u00e8 P\u00e2te \u00e0 jouer"},"content":{"rendered":"<p>Modeler c&#8217;est fun ! Cette p\u00e2te douce \u00e0 base d&#8217;ingredients naturels pour jouer en toute s\u00e9curit\u00e9. La p\u00e2te \u00e0 jouer d\u00e9veloppe la dexterit\u00e9 des enfants. S\u00fbre et test\u00e9e dermatologiquement, ne marque pas et ne t\u00e2che pas les v\u00eatements. Ce kit contient un rouleau, un petit couteau et 6 moules extra-larges, lequels sont faciles \u00e0 utiliser et \u00e0 laver, ils ont une poign\u00e9e pratique qui permet une facilit\u00e9 de maintien.<\/p>\n","protected":false},"excerpt":{"rendered":"<p>D\u00e9couvrez un nouveau monde de cr\u00e9ativit\u00e9 avec Giotto be-b\u00e8 P\u00e2te \u00e0 jouer!<\/p>\n","protected":false},"featured_media":29426,"comment_status":"closed","ping_status":"open","template":"","meta":[],"product_cat":[5128],"product_tag":[5191,5129,5158],"acf":[],"_links":{"self":[{"href":"https:\/\/www.fila.it\/ch\/fr\/wp-json\/wp\/v2\/product\/29174"}],"collection":[{"href":"https:\/\/www.fila.it\/ch\/fr\/wp-json\/wp\/v2\/product"}],"about":[{"href":"https:\/\/www.fila.it\/ch\/fr\/wp-json\/wp\/v2\/types\/product"}],"replies":[{"embeddable":true,"href":"https:\/\/www.fila.it\/ch\/fr\/wp-json\/wp\/v2\/comments?post=29174"}],"wp:featuredmedia":[{"embeddable":true,"href":"https:\/\/www.fila.it\/ch\/fr\/wp-json\/wp\/v2\/media\/29426"}],"wp:attachment":[{"href":"https:\/\/www.fila.it\/ch\/fr\/wp-json\/wp\/v2\/media?parent=29174"}],"wp:term":[{"taxonomy":"product_cat","embeddable":true,"href":"https:\/\/www.fila.it\/ch\/fr\/wp-json\/wp\/v2\/product_cat?post=29174"},{"taxonomy":"product_tag","embeddable":true,"href":"https:\/\/www.fila.it\/ch\/fr\/wp-json\/wp\/v2\/product_tag?post=29174"}],"curies":[{"name":"wp","href":"https:\/\/api.w.org\/{rel}","templated":true}]}}