{"id":29178,"date":"2018-06-20T09:01:26","date_gmt":"2018-07-02T15:17:09","guid":{"rendered":"https:\/\/www.fila.it\/ch\/product\/giotto-be-be-crayons-de-couleur-maxi-2\/"},"modified":"2018-07-16T11:50:13","modified_gmt":"2018-07-16T09:50:13","slug":"giotto-be-be-crayons-de-couleur-maxi-2","status":"publish","type":"product","link":"https:\/\/www.fila.it\/ch\/fr\/product\/giotto-be-be-crayons-de-couleur-maxi-2\/","title":{"rendered":"Giotto be-b\u00e8 Crayons de couleur Maxi"},"content":{"rendered":"<p>Avec un crayon de cette taille vous pouvez penser en grand ! La gigantesque mine de 7 mm permet aux enfants de dessiner et colorier en totale libert\u00e9 et en totale s\u00e9curit\u00e9 gr\u00e2ce \u00e0 un capuchon en plastique s\u00e9curis\u00e9, ventil\u00e9 et anti-\u00e9touffement. Ces couleurs lumineuses et douces sont ultra-lavables et faciles \u00e0 tailler gr\u00e2ce au taille-crayon inclu dans chaque \u00e9tui.<\/p>\n","protected":false},"excerpt":{"rendered":"<p>Giotto be-b\u00e8 Crayons de couleur Maxi: pour les petits enfants qui ont de grandes id\u00e9es.<\/p>\n","protected":false},"featured_media":29420,"comment_status":"closed","ping_status":"open","template":"","meta":[],"product_cat":[5123],"product_tag":[5163,5124,5147],"acf":[],"_links":{"self":[{"href":"https:\/\/www.fila.it\/ch\/fr\/wp-json\/wp\/v2\/product\/29178"}],"collection":[{"href":"https:\/\/www.fila.it\/ch\/fr\/wp-json\/wp\/v2\/product"}],"about":[{"href":"https:\/\/www.fila.it\/ch\/fr\/wp-json\/wp\/v2\/types\/product"}],"replies":[{"embeddable":true,"href":"https:\/\/www.fila.it\/ch\/fr\/wp-json\/wp\/v2\/comments?post=29178"}],"wp:featuredmedia":[{"embeddable":true,"href":"https:\/\/www.fila.it\/ch\/fr\/wp-json\/wp\/v2\/media\/29420"}],"wp:attachment":[{"href":"https:\/\/www.fila.it\/ch\/fr\/wp-json\/wp\/v2\/media?parent=29178"}],"wp:term":[{"taxonomy":"product_cat","embeddable":true,"href":"https:\/\/www.fila.it\/ch\/fr\/wp-json\/wp\/v2\/product_cat?post=29178"},{"taxonomy":"product_tag","embeddable":true,"href":"https:\/\/www.fila.it\/ch\/fr\/wp-json\/wp\/v2\/product_tag?post=29178"}],"curies":[{"name":"wp","href":"https:\/\/api.w.org\/{rel}","templated":true}]}}