{"id":29192,"date":"2018-07-02T17:17:53","date_gmt":"2018-07-02T15:17:53","guid":{"rendered":"https:\/\/www.fila.it\/ch\/product\/giotto-decor-materials-schoolpacks-2\/"},"modified":"2018-07-02T17:17:53","modified_gmt":"2018-07-02T15:17:53","slug":"giotto-decor-materials-schoolpacks-2","status":"publish","type":"product","link":"https:\/\/www.fila.it\/ch\/fr\/product\/giotto-decor-materials-schoolpacks-2\/","title":{"rendered":"Giotto Decor Materials &#8211; Schoolpacks"},"content":{"rendered":"<p>Permanents sur les surfaces poreuses, ces marqueurs sont id\u00e9aux pour les cartes d\u00e9coratives, bois, verre, lettre, plastique, pierre,  p\u00e2te auto-durcissante DAS ou du m\u00e9tal. Les marqueurs Decor Material peuvent \u00eatre effac\u00e9s sur toutes les surfaces lisses avec un chiffon humide. Disponibles en 12 couleurs, encre \u00e0 base d&#8217;eau, ils sont non-toxiques, r\u00e9sistants \u00e0 la lumi\u00e8re et couvrent parfaitement, m\u00eame sur une surface sombre ou color\u00e9e. Toutes les couleurs sont s&#8217;\u00f4tent facilement des mains, mais il est possible que la couleur reste sur certains v\u00eatements. Les couleurs peuvent \u00eatre superpos\u00e9es, et peuvent \u00eatre appliqu\u00e9es sur une couleur sombre ou sur une surface d\u00e9j\u00e0 color\u00e9e. Parfait pour les petits travaux, et m\u00eame pour les enfants en bas \u00e2ge.<\/p>\n","protected":false},"excerpt":{"rendered":"<p>Des id\u00e9es qui durent m\u00eame \u00e0 l&#8217;\u00e9cole avec les feutres multi-supports Giotto Decor Materials<\/p>\n","protected":false},"featured_media":10264,"comment_status":"closed","ping_status":"open","template":"","meta":[],"product_cat":[5123],"product_tag":[5124,5146,5171],"acf":[],"_links":{"self":[{"href":"https:\/\/www.fila.it\/ch\/fr\/wp-json\/wp\/v2\/product\/29192"}],"collection":[{"href":"https:\/\/www.fila.it\/ch\/fr\/wp-json\/wp\/v2\/product"}],"about":[{"href":"https:\/\/www.fila.it\/ch\/fr\/wp-json\/wp\/v2\/types\/product"}],"replies":[{"embeddable":true,"href":"https:\/\/www.fila.it\/ch\/fr\/wp-json\/wp\/v2\/comments?post=29192"}],"wp:featuredmedia":[{"embeddable":true,"href":"https:\/\/www.fila.it\/ch\/fr\/wp-json\/wp\/v2\/media\/10264"}],"wp:attachment":[{"href":"https:\/\/www.fila.it\/ch\/fr\/wp-json\/wp\/v2\/media?parent=29192"}],"wp:term":[{"taxonomy":"product_cat","embeddable":true,"href":"https:\/\/www.fila.it\/ch\/fr\/wp-json\/wp\/v2\/product_cat?post=29192"},{"taxonomy":"product_tag","embeddable":true,"href":"https:\/\/www.fila.it\/ch\/fr\/wp-json\/wp\/v2\/product_tag?post=29192"}],"curies":[{"name":"wp","href":"https:\/\/api.w.org\/{rel}","templated":true}]}}