{"id":29195,"date":"2018-07-02T17:18:04","date_gmt":"2018-07-02T15:18:04","guid":{"rendered":"https:\/\/www.fila.it\/ch\/product\/giotto-decor-textile-2\/"},"modified":"2018-07-02T17:18:04","modified_gmt":"2018-07-02T15:18:04","slug":"giotto-decor-textile","status":"publish","type":"product","link":"https:\/\/www.fila.it\/ch\/fr\/product\/giotto-decor-textile\/","title":{"rendered":"Giotto Decor Textile"},"content":{"rendered":"<p>Vous pouvez porter vos propres r\u00e9alisations cr\u00e9atives gr\u00e2ce \u00e0 ces feutres qui peuvent d\u00e9corer tous les types de textiles. Disponibles en 8 couleurs classiques et 4 fluorescentes, tous permanents et lavables en machine \u00e0 40\u00b0. Encre \u00e0 base d&#8217;eau, non-toxique et s\u00fbre, lavable des mains facilement. Pointe bloqu\u00e9e, capuchon de s\u00e9curit\u00e9 et bouchon ventil\u00e9. Il est recommand\u00e9 de repasser vos cr\u00e9ations \u00e0 faible temp\u00e9rature afin de fixer la couleur. La gamme est compos\u00e9e de 8 couleurs classiques et de 4 fluorescentes. Les feutres sont disponibles en \u00e9tui de 6 ou 12 couleurs assorties, et dans un nouveau set sp\u00e9cial, compos\u00e9 de 8 couleurs ainsi que d&#8217;un tee-shirt \u00e0 customiser en coton.<\/p>\n","protected":false},"excerpt":{"rendered":"<p>Transformez votre style, customisez ou r\u00e9inventez vos t-shirts, jeans ou baskets avec Giotto Decor Textile!<\/p>\n","protected":false},"featured_media":10273,"comment_status":"closed","ping_status":"open","template":"","meta":[],"product_cat":[5123],"product_tag":[5124,5146,5181],"acf":[],"_links":{"self":[{"href":"https:\/\/www.fila.it\/ch\/fr\/wp-json\/wp\/v2\/product\/29195"}],"collection":[{"href":"https:\/\/www.fila.it\/ch\/fr\/wp-json\/wp\/v2\/product"}],"about":[{"href":"https:\/\/www.fila.it\/ch\/fr\/wp-json\/wp\/v2\/types\/product"}],"replies":[{"embeddable":true,"href":"https:\/\/www.fila.it\/ch\/fr\/wp-json\/wp\/v2\/comments?post=29195"}],"wp:featuredmedia":[{"embeddable":true,"href":"https:\/\/www.fila.it\/ch\/fr\/wp-json\/wp\/v2\/media\/10273"}],"wp:attachment":[{"href":"https:\/\/www.fila.it\/ch\/fr\/wp-json\/wp\/v2\/media?parent=29195"}],"wp:term":[{"taxonomy":"product_cat","embeddable":true,"href":"https:\/\/www.fila.it\/ch\/fr\/wp-json\/wp\/v2\/product_cat?post=29195"},{"taxonomy":"product_tag","embeddable":true,"href":"https:\/\/www.fila.it\/ch\/fr\/wp-json\/wp\/v2\/product_tag?post=29195"}],"curies":[{"name":"wp","href":"https:\/\/api.w.org\/{rel}","templated":true}]}}