{"id":29201,"date":"2018-07-02T17:18:20","date_gmt":"2018-07-02T15:18:20","guid":{"rendered":"https:\/\/www.fila.it\/ch\/product\/giotto-mega\/"},"modified":"2018-07-02T17:18:20","modified_gmt":"2018-07-02T15:18:20","slug":"giotto-mega","status":"publish","type":"product","link":"https:\/\/www.fila.it\/ch\/fr\/product\/giotto-mega\/","title":{"rendered":"Giotto Mega"},"content":{"rendered":"<p>Une belle r\u00e9alisation a besoin de bons crayons de couleur. Avec Giotto Mega (mine de 5.5 mm de diam\u00e8tre) cr\u00e9ez une explosion de couleurs. Chaque crayon de couleur hexagonal est verni de la m\u00eame couleur que la mine et a des rayures dor\u00e9es.  Disponible en 12 couleurs intenses et vives. Disponible en or et argent.<\/p>\n","protected":false},"excerpt":{"rendered":"<p>Une cr\u00e9ativit\u00e9 extra-large avec Giotto Mega.<\/p>\n","protected":false},"featured_media":10306,"comment_status":"closed","ping_status":"open","template":"","meta":[],"product_cat":[5123],"product_tag":[5163,5124,4381],"acf":[],"_links":{"self":[{"href":"https:\/\/www.fila.it\/ch\/fr\/wp-json\/wp\/v2\/product\/29201"}],"collection":[{"href":"https:\/\/www.fila.it\/ch\/fr\/wp-json\/wp\/v2\/product"}],"about":[{"href":"https:\/\/www.fila.it\/ch\/fr\/wp-json\/wp\/v2\/types\/product"}],"replies":[{"embeddable":true,"href":"https:\/\/www.fila.it\/ch\/fr\/wp-json\/wp\/v2\/comments?post=29201"}],"wp:featuredmedia":[{"embeddable":true,"href":"https:\/\/www.fila.it\/ch\/fr\/wp-json\/wp\/v2\/media\/10306"}],"wp:attachment":[{"href":"https:\/\/www.fila.it\/ch\/fr\/wp-json\/wp\/v2\/media?parent=29201"}],"wp:term":[{"taxonomy":"product_cat","embeddable":true,"href":"https:\/\/www.fila.it\/ch\/fr\/wp-json\/wp\/v2\/product_cat?post=29201"},{"taxonomy":"product_tag","embeddable":true,"href":"https:\/\/www.fila.it\/ch\/fr\/wp-json\/wp\/v2\/product_tag?post=29201"}],"curies":[{"name":"wp","href":"https:\/\/api.w.org\/{rel}","templated":true}]}}