{"id":29202,"date":"2018-07-02T17:18:22","date_gmt":"2018-07-02T15:18:22","guid":{"rendered":"https:\/\/www.fila.it\/ch\/product\/giotto-mega-schoolpack\/"},"modified":"2018-07-02T17:18:22","modified_gmt":"2018-07-02T15:18:22","slug":"giotto-mega-schoolpack","status":"publish","type":"product","link":"https:\/\/www.fila.it\/ch\/fr\/product\/giotto-mega-schoolpack\/","title":{"rendered":"Giotto Mega &#8211; Schoolpack"},"content":{"rendered":"<p>Une belle r\u00e9alisation a besoin de bons crayons de couleur. Avec Giotto Mega (mine de 5.5 mm de diam\u00e8tre) cr\u00e9ez une explosion de couleurs. Chaque crayon de couleur hexagonal est verni de la m\u00eame couleur que la mine et a des rayures dor\u00e9es. Des couleurs intenses et vives avec de l&#8217;or et de l&#8217;argent.<\/p>\n","protected":false},"excerpt":{"rendered":"<p>Une cr\u00e9ativit\u00e9 extra-large \u00e0 l&#8217;\u00e9cole avec Giotto Mega.<\/p>\n","protected":false},"featured_media":10309,"comment_status":"closed","ping_status":"open","template":"","meta":[],"product_cat":[5123],"product_tag":[5163,5124,5171],"acf":[],"_links":{"self":[{"href":"https:\/\/www.fila.it\/ch\/fr\/wp-json\/wp\/v2\/product\/29202"}],"collection":[{"href":"https:\/\/www.fila.it\/ch\/fr\/wp-json\/wp\/v2\/product"}],"about":[{"href":"https:\/\/www.fila.it\/ch\/fr\/wp-json\/wp\/v2\/types\/product"}],"replies":[{"embeddable":true,"href":"https:\/\/www.fila.it\/ch\/fr\/wp-json\/wp\/v2\/comments?post=29202"}],"wp:featuredmedia":[{"embeddable":true,"href":"https:\/\/www.fila.it\/ch\/fr\/wp-json\/wp\/v2\/media\/10309"}],"wp:attachment":[{"href":"https:\/\/www.fila.it\/ch\/fr\/wp-json\/wp\/v2\/media?parent=29202"}],"wp:term":[{"taxonomy":"product_cat","embeddable":true,"href":"https:\/\/www.fila.it\/ch\/fr\/wp-json\/wp\/v2\/product_cat?post=29202"},{"taxonomy":"product_tag","embeddable":true,"href":"https:\/\/www.fila.it\/ch\/fr\/wp-json\/wp\/v2\/product_tag?post=29202"}],"curies":[{"name":"wp","href":"https:\/\/api.w.org\/{rel}","templated":true}]}}