{"id":29206,"date":"2018-07-02T17:18:32","date_gmt":"2018-07-02T15:18:32","guid":{"rendered":"https:\/\/www.fila.it\/ch\/product\/giotto-patplume-2\/"},"modified":"2018-07-02T17:18:32","modified_gmt":"2018-07-02T15:18:32","slug":"giotto-patplume-2","status":"publish","type":"product","link":"https:\/\/www.fila.it\/ch\/fr\/product\/giotto-patplume-2\/","title":{"rendered":"Giotto Patplume"},"content":{"rendered":"<p>Jouer prend forme. Giotto Patplume est la derni\u00e8re g\u00e9n\u00e9ration de p\u00e2te \u00e0 modeler v\u00e9g\u00e9tale douce et facile \u00e0 travailler. Id\u00e9ale pour les tr\u00e8s jeunes enfants et les tout petits. Ne contient pas de gluten. Id\u00e9ale pour faire des petits objets, la p\u00e2te \u00e0 modeler est disponible en diff\u00e9rentes couleurs qui peuvent \u00eatre m\u00e9lang\u00e9es \u00e0 l&#8217;infini. Ne s\u00e8che pas \u00e0 l&#8217;air libre, r\u00e9siste \u00e0 la chaleur et peut se rincer sur les mains avec du savon et de l&#8217;eau.<\/p>\n","protected":false},"excerpt":{"rendered":"<p>M\u00eame les plus petites id\u00e9es peuvent prendre de grandes formes avec Giotto Patplume!<\/p>\n","protected":false},"featured_media":10327,"comment_status":"closed","ping_status":"open","template":"","meta":[],"product_cat":[5128],"product_tag":[5191,5129,5188],"acf":[],"_links":{"self":[{"href":"https:\/\/www.fila.it\/ch\/fr\/wp-json\/wp\/v2\/product\/29206"}],"collection":[{"href":"https:\/\/www.fila.it\/ch\/fr\/wp-json\/wp\/v2\/product"}],"about":[{"href":"https:\/\/www.fila.it\/ch\/fr\/wp-json\/wp\/v2\/types\/product"}],"replies":[{"embeddable":true,"href":"https:\/\/www.fila.it\/ch\/fr\/wp-json\/wp\/v2\/comments?post=29206"}],"wp:featuredmedia":[{"embeddable":true,"href":"https:\/\/www.fila.it\/ch\/fr\/wp-json\/wp\/v2\/media\/10327"}],"wp:attachment":[{"href":"https:\/\/www.fila.it\/ch\/fr\/wp-json\/wp\/v2\/media?parent=29206"}],"wp:term":[{"taxonomy":"product_cat","embeddable":true,"href":"https:\/\/www.fila.it\/ch\/fr\/wp-json\/wp\/v2\/product_cat?post=29206"},{"taxonomy":"product_tag","embeddable":true,"href":"https:\/\/www.fila.it\/ch\/fr\/wp-json\/wp\/v2\/product_tag?post=29206"}],"curies":[{"name":"wp","href":"https:\/\/api.w.org\/{rel}","templated":true}]}}