{"id":29213,"date":"2018-07-02T17:18:49","date_gmt":"2018-07-02T15:18:49","guid":{"rendered":"https:\/\/www.fila.it\/ch\/product\/giotto-pongo\/"},"modified":"2018-07-02T17:18:49","modified_gmt":"2018-07-02T15:18:49","slug":"giotto-pongo","status":"publish","type":"product","link":"https:\/\/www.fila.it\/ch\/fr\/product\/giotto-pongo\/","title":{"rendered":"Giotto Pongo"},"content":{"rendered":"<p>Avec Giotto Pongo, vos pens\u00e9es prennent vie. Vous pouvez modeler et cr\u00e9er tout ce que vous avez en t\u00eate. Cette p\u00e2te \u00e0 modeler min\u00e9rale est la p\u00e2te favorite des enfants et des adultes depuis 1950. Elle est mal\u00e9able, douce, et ne s\u00e8che jamais. Sans gluten. Disponible en diff\u00e9rentes couleurs pour les artistes qui ont plein d&#8217;id\u00e9es.<\/p>\n","protected":false},"excerpt":{"rendered":"<p>Donnez une forme et de la couleur \u00e0 vos id\u00e9es!<\/p>\n","protected":false},"featured_media":29151,"comment_status":"closed","ping_status":"closed","template":"","meta":[],"product_cat":[5128],"product_tag":[5131,5129,5188],"acf":[],"_links":{"self":[{"href":"https:\/\/www.fila.it\/ch\/fr\/wp-json\/wp\/v2\/product\/29213"}],"collection":[{"href":"https:\/\/www.fila.it\/ch\/fr\/wp-json\/wp\/v2\/product"}],"about":[{"href":"https:\/\/www.fila.it\/ch\/fr\/wp-json\/wp\/v2\/types\/product"}],"replies":[{"embeddable":true,"href":"https:\/\/www.fila.it\/ch\/fr\/wp-json\/wp\/v2\/comments?post=29213"}],"wp:featuredmedia":[{"embeddable":true,"href":"https:\/\/www.fila.it\/ch\/fr\/wp-json\/wp\/v2\/media\/29151"}],"wp:attachment":[{"href":"https:\/\/www.fila.it\/ch\/fr\/wp-json\/wp\/v2\/media?parent=29213"}],"wp:term":[{"taxonomy":"product_cat","embeddable":true,"href":"https:\/\/www.fila.it\/ch\/fr\/wp-json\/wp\/v2\/product_cat?post=29213"},{"taxonomy":"product_tag","embeddable":true,"href":"https:\/\/www.fila.it\/ch\/fr\/wp-json\/wp\/v2\/product_tag?post=29213"}],"curies":[{"name":"wp","href":"https:\/\/api.w.org\/{rel}","templated":true}]}}